{"id":34810,"date":"2025-08-01T16:57:54","date_gmt":"2025-08-01T14:57:54","guid":{"rendered":"https:\/\/www.alliancerotterdam.nl\/produit\/tcf\/"},"modified":"2026-01-08T16:41:27","modified_gmt":"2026-01-08T15:41:27","slug":"tcf","status":"publish","type":"product","link":"https:\/\/www.alliancerotterdam.nl\/nl\/product\/tcf\/","title":{"rendered":"TCF"},"content":{"rendered":"<p>Het TCF, ontwikkeld door France \u00c9ducation International, is een Franse taalvaardigheidstest die bedoeld is voor alle niet-Franstalige kandidaten die hun Franse taalvaardigheden op een betrouwbare en officieel erkende manier willen laten beoordelen en valideren. Alle kandidaten ontvangen een certificaat met hun resultaten, waarin zij worden ingedeeld op \u00e9\u00e9n van de zes niveaus (van A1 tot C2) van de vaardigheidsschaal zoals gedefinieerd door het ERK (Europees Referentiekader voor Talen). Het is dus niet mogelijk om te zakken voor het TCF. Het certificaat van de resultaten is twee jaar geldig.\u00a0<\/p>\n<p>&nbsp;<\/p>\n<h1 data-start=\"51\" data-end=\"97\">Het TCF is beschikbaar in vier versies:<\/h1>\n<p data-start=\"99\" data-end=\"468\">\u00a0<\/p>\n<h2 data-start=\"99\" data-end=\"468\">TCF voor het algemene publiek \/ TCF \u2018tout public\u2019<\/h2>\n<p data-start=\"99\" data-end=\"468\">Voor iedereen die zijn of haar Franse taalvaardigheden wil laten beoordelen voor persoonlijke, academische of professionele doeleinden. Het TCF TP bestaat uit drie verplichte tests en twee optionele tests. Neem contact op met de organisatie die uw TCF-certificaat vereist om hun exacte vereisten te achterhalen.<\/p>\n<p data-start=\"470\" data-end=\"514\"><a href=\"https:\/\/www.france-education-international.fr\/en\/test\/tcf-tout-public\" target=\"_blank\" rel=\"noopener\">Meer weten over het TCF \u2018tout public<\/a><\/p>\n<p data-start=\"51\" data-end=\"427\">\u00a0<\/p>\n<p data-start=\"51\" data-end=\"427\">\u00a0<\/p>\n<h2 data-start=\"51\" data-end=\"427\">TCF Qu\u00e9bec<\/h2>\n<p data-start=\"51\" data-end=\"427\">Het TCF voor Qu\u00e9bec is een Franse taalvaardigheidstest die voldoet aan de normen van het Ministerie van Immigratie, Diversiteit en Inclusie (MIDI) in het kader van een immigratieaanvraag voor Qu\u00e9bec. Deze test is uitsluitend bestemd voor kandidaten die een immigratieaanvraag indienen. Het is mogelijk om \u00e9\u00e9n, twee, drie of alle testonderdelen af te leggen.<\/p>\n<p data-start=\"429\" data-end=\"632\"><strong data-start=\"429\" data-end=\"450\">Goed om te weten!<\/strong> Het TCF Qu\u00e9bec bestaat uit vier modulaire tests die de algemene Franse taalvaardigheden beoordelen. Elke kandidaat kan zelf kiezen om \u00e9\u00e9n, twee, drie of vier modules af te leggen.<\/p>\n<p data-start=\"634\" data-end=\"670\"><a href=\"https:\/\/www.france-education-international.fr\/en\/test\/tcf-quebec\" target=\"_blank\" rel=\"noopener\">Meer weten over het TCF Qu\u00e9bec<\/a><\/p>\n<p data-start=\"634\" data-end=\"670\">\u00a0<\/p>\n<p data-start=\"634\" data-end=\"670\">\u00a0<\/p>\n<h2 data-start=\"51\" data-end=\"474\">TCF Canada<\/h2>\n<p data-start=\"51\" data-end=\"474\">Het TCF Canada is de versie die vereist is voor iedereen, ongeacht nationaliteit of moedertaal (inclusief Fransen en mensen uit Franstalige landen), die een aanvraag wil indienen voor economische permanente immigratie of het Canadese staatsburgerschap bij Immigration, Refugees and Citizenship Canada (IRCC). Het TCF Canada-certificaat van resultaten (uitgereikt binnen 15 werkdagen) is twee jaar geldig.<\/p>\n<p data-start=\"476\" data-end=\"512\" data-is-only-node=\"\"><a href=\"https:\/\/www.france-education-international.fr\/en\/test\/tcf-canada\" target=\"_blank\" rel=\"noopener\">Meer weten over het TCF Canada<\/a><\/p>\n<p data-start=\"476\" data-end=\"512\" data-is-only-node=\"\">\u00a0<\/p>\n<p data-start=\"476\" data-end=\"512\" data-is-only-node=\"\">\u00a0<\/p>\n<h2 data-start=\"51\" data-end=\"470\">TCF Integratie, Verblijf en Nationaliteit (IRN)<\/h2>\n<p data-start=\"51\" data-end=\"470\">De TCF Integratie, Verblijf en Nationaliteit (TCF IRN) is ontworpen voor elke buitenlandse burger van 16 jaar en ouder die zijn of haar Franse taalvaardigheid wil valideren voor een aanvraag voor het Franse staatsburgerschap, een aanvraag voor een langdurig verblijfsvergunning, of voor de validatie van niveau A1 als onderdeel van het OFII-burgerschapsprogramma.<\/p>\n<p data-start=\"472\" data-end=\"505\" data-is-only-node=\"\"><a href=\"https:\/\/www.france-education-international.fr\/en\/test\/tcf-irn\" target=\"_blank\" rel=\"noopener\">Meer weten over het TCF IRN<\/a><\/p>\n","protected":false},"excerpt":{"rendered":"<p>Het TCF, ontwikkeld door France \u00c9ducation International, is een Franse taalvaardigheidstest die bedoeld is voor alle niet-Franstalige kandidaten die hun Franse taalvaardigheden op een betrouwbare en officieel erkende manier willen [&hellip;]<\/p>\n","protected":false},"featured_media":34809,"template":"","meta":{"_et_pb_use_builder":"","_et_pb_old_content":"","_et_gb_content_width":""},"product_cat":[426],"product_tag":[],"class_list":{"0":"post-34810","1":"product","2":"type-product","3":"status-publish","4":"has-post-thumbnail","6":"product_cat-certificaten","8":"first","9":"instock","10":"sold-individually","11":"shipping-taxable","12":"purchasable","13":"product-type-variable"},"_links":{"self":[{"href":"https:\/\/www.alliancerotterdam.nl\/nl\/wp-json\/wp\/v2\/product\/34810","targetHints":{"allow":["GET"]}}],"collection":[{"href":"https:\/\/www.alliancerotterdam.nl\/nl\/wp-json\/wp\/v2\/product"}],"about":[{"href":"https:\/\/www.alliancerotterdam.nl\/nl\/wp-json\/wp\/v2\/types\/product"}],"wp:featuredmedia":[{"embeddable":true,"href":"https:\/\/www.alliancerotterdam.nl\/nl\/wp-json\/wp\/v2\/media\/34809"}],"wp:attachment":[{"href":"https:\/\/www.alliancerotterdam.nl\/nl\/wp-json\/wp\/v2\/media?parent=34810"}],"wp:term":[{"taxonomy":"product_cat","embeddable":true,"href":"https:\/\/www.alliancerotterdam.nl\/nl\/wp-json\/wp\/v2\/product_cat?post=34810"},{"taxonomy":"product_tag","embeddable":true,"href":"https:\/\/www.alliancerotterdam.nl\/nl\/wp-json\/wp\/v2\/product_tag?post=34810"}],"curies":[{"name":"wp","href":"https:\/\/api.w.org\/{rel}","templated":true}]}}