{"id":29487,"date":"2024-11-27T11:25:44","date_gmt":"2024-11-27T10:25:44","guid":{"rendered":"https:\/\/dev2.alliancerotterdam.nl\/produit\/kindercursussen\/"},"modified":"2025-07-17T14:57:47","modified_gmt":"2025-07-17T12:57:47","slug":"kindercursussen","status":"publish","type":"product","link":"https:\/\/www.alliancerotterdam.nl\/nl\/product\/kindercursussen\/","title":{"rendered":"Kindercursussen"},"content":{"rendered":"<p class=\"has-text-align-left\">De lessen beginnen in de week van 8 september 2025.<\/p>\n<p>&nbsp;<\/p>\n<h2><strong>Cursus Frans als moedertaal<\/strong><\/h2>\n<p>Bij de <strong>cursus voor kinderen van 4 tot 6<\/strong> jaar ligt de nadruk op spreekvaardigheid waarbij een begin wordt gemaakt met lezen en spelling. Kinderen leren in het Frans te praten over alledaagse dingen aan de hand van leuke, interactieve activiteiten (zoals liedjes zingen, naar kinderverhalen en gedichten luisteren, knutselen, en spelletjes doen). Het doel is om een omgeving te cre\u00ebren die helemaal gewijd is aan het Frans waarin de kinderen zich op hun gemak voelen om de taal te oefenen.  <\/p>\n<p><strong>Wanneer?\u202f <\/strong>Op zaterdag van 09.30 tot 10.30 uur<\/p>\n<p><strong>Aantal lessen : <\/strong><\/p>\n<ul>\n<li>32 lessen per jaar\u202f(\u20ac 490)<\/li>\n<li>Semester 1\u202f: 16 lessen (\u20ac 255)<\/li>\n<li>Semester 1\u202f: 16 lessen (\u20ac 255)<\/li>\n<\/ul>\n<p>______________________________________________________________________________<\/p>\n<p>Bij de<strong> cursus voor kinderen van 7 tot 9<\/strong> jaar wordt het accent gelegd op lezen en schrijven in het Frans. Kinderen leren veelvoorkomende woorden correct te spellen waarbij vooral aandacht is voor de uitspraak, intonatie, het ritme en het tempo. Hiervoor wordt gebruik gemaakt van Franstalige boeken en gedichten. De activiteiten blijven speels en interactief zodat de kinderen er plezier aan beleven de Franse taal te leren en te gebruiken.   <\/p>\n<p><strong>Wanneer?<\/strong> Op woensdag van 13.30 tot 14.45 uur<\/p>\n<p><strong>Aantal lessen :<\/strong><\/p>\n<ul>\n<li>36 lessen per jaar (\u20ac 680)<\/li>\n<li>Semester 1\u202f: 18 lessen (\u20ac 355)<\/li>\n<li>Semester 2\u202f: 18 lessen (\u20ac 355)<\/li>\n<\/ul>\n<p>______________________________________________________________________________<\/p>\n<p>Bij de <strong>cursus voor kinderen van 10-12 jaar<\/strong> ligt het accent op de functie van taal. Kinderen perfectioneren hun spelling en vervoeging (van de werkwoorden). Bij deze leeftijdsgroep wordt vooral aandacht besteed aan spreek- en schrijfvaardigheid. De kinderen leren de taalregels door opgaves te maken en de regels direct toe te passen bij het uitvoeren van opdrachten (spreekbeurten, filmpjes, verhalen, etc.). Zo worden begrippen die eerst abstract waren concreet voor hen.    <\/p>\n<p><strong>Wanneer?<\/strong> Op woensdag van 13.30 tot 14.45 uur<\/p>\n<p><strong>Aantal lessen :<\/strong><\/p>\n<ul>\n<li>36 lessen per jaar (\u20ac 680)<\/li>\n<li>Semester 1\u202f: 18 lessen (\u20ac 355)<\/li>\n<li>Semester 2\u202f: 18 lessen (\u20ac 355)<\/li>\n<\/ul>\n<h2><\/h2>\n<h2><\/h2>\n<h2><strong>Cursus Frans als vreemde taal<\/strong><\/h2>\n<p>In de <strong>cursus voor de leeftijd van 4 tot 6 jaar <\/strong>maken kinderen voor het eerst kennis met de Franse taal. Ze leren over zichzelf te vertellen, te praten over hun directe omgeving (ouders, kleuren, dieren, speelgoed, natuur, etc.) en te zingen in het Frans. Tijdens de lessen wordt de nadruk gelegd op spreekvaardigheid en kinderen leren de taal aan de hand van leuke, interactieve activiteiten.  <\/p>\n<p><strong>Wanneer? <\/strong>zaterdag van 10.45 \u2013 11.45 uur<\/p>\n<p><strong>Aantal lessen : <\/strong><\/p>\n<ul>\n<li>32 lessen per jaar\u202f(\u20ac 490)<\/li>\n<li>Semester 1\u202f: 16 lessen (\u20ac 255)<\/li>\n<li>Semester 1\u202f: 16 lessen (\u20ac 255)<\/li>\n<\/ul>\n<p>______________________________________________________________________________<\/p>\n<p>Bij de <strong>cursus voor kinderen van 7 tot 9 jaar<\/strong> wordt het lezen en schrijven in het Frans ge\u00efntroduceerd. Onderwerpen worden uitgebreider behandeld en grammaticabegrippen worden ingevoerd. Kinderen leren de basis van de vervoeging, de spelling en de uitspraak. Dat gebeurt altijd aan de hand van leuke, interactieve activiteiten. De kinderen vertellen thuis aan hun ouders wat ze tijdens de lessen hebben geleerd waardoor het Frans beklijft.   <\/p>\n<p><strong>Wanneer\u202f?<\/strong> woensdag van 15.00 \u2013 16.15 uur<\/p>\n<p><strong>Aantal lessen :<\/strong><\/p>\n<ul>\n<li>36 lessen per jaar (\u20ac 680)<\/li>\n<li>Semester 1\u202f: 18 lessen (\u20ac 355)<\/li>\n<li>Semester 2\u202f: 18 lessen (\u20ac 355)<\/li>\n<\/ul>\n<p>____________________________________________________________________________<\/p>\n<p>Tijdens de <strong>cursus voor kinderen van 10 tot 12 jaar<\/strong> gaan de kinderen door met het leren van grammatica en spelling, maar op een hoger niveau. De kinderen leren in de verleden en toekomende tijd Frans te spreken, leren te begrijpen wat er in het Frans wordt gezegd, maar leren vooral zich in het Frans veel zelfverzekerder uit te drukken. Het accent ligt op spreekvaardigheid en interactie.  <\/p>\n<p><strong>Wanneer\u202f?<\/strong> woensdag van 15.00 \u2013 16.15 uur<\/p>\n<p><strong>Aantal lessen :<\/strong><\/p>\n<ul>\n<li>36 lessen per jaar (\u20ac 680)<\/li>\n<li>Semester 1\u202f: 18 lessen (\u20ac 355)<\/li>\n<li>Semester 2\u202f: 18 lessen (\u20ac 355)<\/li>\n<\/ul>\n<h2><\/h2>\n<h2><\/h2>\n<h2>LESROOSTER<\/h2>\n<p>Aanvang cursussen\u202f: de week van 8 september 2025\/ Einde cursussen: de week van 27 juni 2026<\/p>\n<p>Semester 1: van 8 september 2025 tot 31 januari 2026\/ Semester 2: van 2 februari 2026 tot 27 juni 2026.<\/p>\n<p><strong>Inschrijving is het hele jaar mogelijk!<\/strong><\/p>\n<h2><\/h2>\n<h2>Cursusprijzen<\/h2>\n<p>U kunt uw kind(eren) inschrijven voor een semester of voor een heel jaar. De tarieven per cursus en per niveau staan hieronder vermeld. <strong>Inschrijving halverwege het jaar is ook mogelijk<\/strong>. In dat geval wordt de cursusprijs aangepast aan het aantal resterende lesse <\/p>\n<p>Bij inschrijving van meerdere kinderen uit hetzelfde gezin wordt <strong>10% korting <\/strong>gegeven op de cursusprijs per kind.<br \/>\nGebruik bij het betalen de volgende couponcodes: ENFANTS2 voor de inschrijving van twee kinderen en ENFANTS3 voor de inschrijving van drie kinderen.<\/p>\n","protected":false},"excerpt":{"rendered":"<p>Voor kinderen van 4 tot 12 jaar bieden we cursussen Frans als Moedertaal (Fran\u00e7ais Langue Maternelle, FLAM) en cursussen Frans als Vreemde Taal (Fran\u00e7ais Langue Etrang\u00e8re, FLE).<\/p>\n","protected":false},"featured_media":28599,"template":"","meta":{"_et_pb_use_builder":"","_et_pb_old_content":"","_et_gb_content_width":""},"product_cat":[408],"product_tag":[],"class_list":{"0":"post-29487","1":"product","2":"type-product","3":"status-publish","4":"has-post-thumbnail","6":"product_cat-cours-nl","8":"first","9":"instock","10":"sold-individually","11":"shipping-taxable","12":"purchasable","13":"product-type-variable"},"_links":{"self":[{"href":"https:\/\/www.alliancerotterdam.nl\/nl\/wp-json\/wp\/v2\/product\/29487","targetHints":{"allow":["GET"]}}],"collection":[{"href":"https:\/\/www.alliancerotterdam.nl\/nl\/wp-json\/wp\/v2\/product"}],"about":[{"href":"https:\/\/www.alliancerotterdam.nl\/nl\/wp-json\/wp\/v2\/types\/product"}],"wp:featuredmedia":[{"embeddable":true,"href":"https:\/\/www.alliancerotterdam.nl\/nl\/wp-json\/wp\/v2\/media\/28599"}],"wp:attachment":[{"href":"https:\/\/www.alliancerotterdam.nl\/nl\/wp-json\/wp\/v2\/media?parent=29487"}],"wp:term":[{"taxonomy":"product_cat","embeddable":true,"href":"https:\/\/www.alliancerotterdam.nl\/nl\/wp-json\/wp\/v2\/product_cat?post=29487"},{"taxonomy":"product_tag","embeddable":true,"href":"https:\/\/www.alliancerotterdam.nl\/nl\/wp-json\/wp\/v2\/product_tag?post=29487"}],"curies":[{"name":"wp","href":"https:\/\/api.w.org\/{rel}","templated":true}]}}