{"id":29387,"date":"2024-11-24T19:03:41","date_gmt":"2024-11-24T18:03:41","guid":{"rendered":"https:\/\/dev2.alliancerotterdam.nl\/produit\/lidmaatschap\/"},"modified":"2025-11-29T10:09:22","modified_gmt":"2025-11-29T09:09:22","slug":"lidmaatschap","status":"publish","type":"product","link":"https:\/\/www.alliancerotterdam.nl\/nl\/product\/lidmaatschap\/","title":{"rendered":"Lidmaatschap"},"content":{"rendered":"<p><em>Als u bij de Alliance Fran\u00e7aise Rotterdam een cursus volgt, bent u automatisch \u00e9\u00e9n jaar lid vanaf de eerste cursusbijeenkomst.<\/em><\/p>\n<p><strong>Als lid van de Alliance Fran\u00e7aise profiteert u van de volgende voordelen: <\/strong><\/p>\n<ul>\n<li>Een jaar lang toegang tot onze Franse bibliotheek met honderden romans, stripboeken en jeugdboeken.<\/li>\n<li>Een jaar lang toegang tot ons<a href=\"https:\/\/www.culturetheque.com\/NLD\/\"> Cultureth\u00e8que<\/a> platform.<\/li>\n<li>Korting op onze culturele evenementen.<\/li>\n<li>Korting op bioscoopkaartjes bij <a href=\"https:\/\/www.lantarenvenster.nl\/\">LantarenVenster<\/a>.<\/li>\n<li>Uitbreiding van uw Franstalige netwerk in Rotterdam.<\/li>\n<\/ul>\n","protected":false},"excerpt":{"rendered":"<p>Als u bij de Alliance Fran\u00e7aise Rotterdam een cursus volgt, bent u automatisch \u00e9\u00e9n jaar lid vanaf de eerste cursusbijeenkomst. Als lid van de Alliance Fran\u00e7aise profiteert u van de [&hellip;]<\/p>\n","protected":false},"featured_media":34461,"template":"","meta":{"_et_pb_use_builder":"","_et_pb_old_content":"","_et_gb_content_width":""},"product_cat":[434],"product_tag":[],"class_list":{"0":"post-29387","1":"product","2":"type-product","3":"status-publish","4":"has-post-thumbnail","6":"product_cat-uncategorized-nl","8":"first","9":"instock","10":"virtual","11":"sold-individually","12":"purchasable","13":"product-type-simple"},"_links":{"self":[{"href":"https:\/\/www.alliancerotterdam.nl\/nl\/wp-json\/wp\/v2\/product\/29387","targetHints":{"allow":["GET"]}}],"collection":[{"href":"https:\/\/www.alliancerotterdam.nl\/nl\/wp-json\/wp\/v2\/product"}],"about":[{"href":"https:\/\/www.alliancerotterdam.nl\/nl\/wp-json\/wp\/v2\/types\/product"}],"wp:featuredmedia":[{"embeddable":true,"href":"https:\/\/www.alliancerotterdam.nl\/nl\/wp-json\/wp\/v2\/media\/34461"}],"wp:attachment":[{"href":"https:\/\/www.alliancerotterdam.nl\/nl\/wp-json\/wp\/v2\/media?parent=29387"}],"wp:term":[{"taxonomy":"product_cat","embeddable":true,"href":"https:\/\/www.alliancerotterdam.nl\/nl\/wp-json\/wp\/v2\/product_cat?post=29387"},{"taxonomy":"product_tag","embeddable":true,"href":"https:\/\/www.alliancerotterdam.nl\/nl\/wp-json\/wp\/v2\/product_tag?post=29387"}],"curies":[{"name":"wp","href":"https:\/\/api.w.org\/{rel}","templated":true}]}}