{"id":30108,"date":"2024-11-14T17:53:19","date_gmt":"2024-11-14T16:53:19","guid":{"rendered":"https:\/\/dev2.alliancerotterdam.nl\/homepage\/"},"modified":"2026-01-06T11:26:44","modified_gmt":"2026-01-06T10:26:44","slug":"homepage","status":"publish","type":"page","link":"https:\/\/www.alliancerotterdam.nl\/nl\/","title":{"rendered":"Homepage"},"content":{"rendered":"<p>[et_pb_section fb_built=&#8221;1&#8243; fullwidth=&#8221;on&#8221; _builder_version=&#8221;4.27.4&#8243; _module_preset=&#8221;default&#8221; locked=&#8221;off&#8221; global_colors_info=&#8221;{}&#8221;][et_pb_fullwidth_post_slider include_categories=&#8221;416&#8243; show_meta=&#8221;off&#8221; use_bg_overlay=&#8221;off&#8221; use_text_overlay=&#8221;on&#8221; _builder_version=&#8221;4.27.4&#8243; _module_preset=&#8221;default&#8221; auto=&#8221;on&#8221; auto_speed=&#8221;5000&#8243; global_colors_info=&#8221;{}&#8221;][\/et_pb_fullwidth_post_slider][\/et_pb_section][et_pb_section fb_built=&#8221;1&#8243; admin_label=&#8221;Les cours&#8221; _builder_version=&#8221;4.27.4&#8243; _module_preset=&#8221;default&#8221; collapsed=&#8221;on&#8221; global_colors_info=&#8221;{}&#8221;][et_pb_row column_structure=&#8221;1_2,1_2&#8243; make_equal=&#8221;on&#8221; admin_label=&#8221;Ligne&#8221; _builder_version=&#8221;4.27.4&#8243; _module_preset=&#8221;048d8e79-b07f-439b-bd57-f41c14f0a56b&#8221; box_shadow_style=&#8221;preset1&#8243; box_shadow_vertical=&#8221;2px&#8221; box_shadow_blur=&#8221;18px&#8221; box_shadow_spread=&#8221;0px&#8221; global_colors_info=&#8221;{}&#8221;][et_pb_column type=&#8221;1_2&#8243; _builder_version=&#8221;4.27.4&#8243; _module_preset=&#8221;default&#8221; custom_css_main_element=&#8221;margin: auto;&#8221; global_colors_info=&#8221;{}&#8221;][et_pb_image src=&#8221;https:\/\/www.alliancerotterdam.nl\/wp-content\/uploads\/sites\/4\/2025\/04\/WhatsApp-Image-2025-03-20-at-11.44.14-2-scaled.avif&#8221; title_text=&#8221;Cursussen voor volwassenen &#8221; _builder_version=&#8221;4.27.4&#8243; _module_preset=&#8221;default&#8221; global_colors_info=&#8221;{}&#8221;][\/et_pb_image][\/et_pb_column][et_pb_column type=&#8221;1_2&#8243; _builder_version=&#8221;4.27.4&#8243; _module_preset=&#8221;default&#8221; custom_css_main_element=&#8221;margin: auto;&#8221; global_colors_info=&#8221;{}&#8221;][et_pb_heading title=&#8221;Cursussen&#8221; _builder_version=&#8221;4.27.4&#8243; _module_preset=&#8221;c33f07d9-41e0-421a-8799-5799df695cce&#8221; title_text_align=&#8221;center&#8221; border_width_bottom=&#8221;0px&#8221; global_colors_info=&#8221;{}&#8221;][\/et_pb_heading][et_pb_text _builder_version=&#8221;4.27.4&#8243; _module_preset=&#8221;2c55a9c4-feed-423b-9edb-ae0b5b365cac&#8221; text_orientation=&#8221;center&#8221; global_colors_info=&#8221;{}&#8221;]<\/p>\n<p>Apprenez le fran\u00e7ais \u00e0 l&#8217;Alliance Fran\u00e7aise avec nos <a href=\"\/produit\/cours-de-groupe\/\">cours de groupe<\/a>, <a href=\"\/produit\/cours-particuliers-de-francais\/\">cours priv\u00e9s<\/a> ou <a href=\"\/produit\/cours-en-entreprise\/\">cours en entreprise<\/a> ; en pr\u00e9sentiel ou en ligne.<\/p>\n<p>[\/et_pb_text][et_pb_text _builder_version=&#8221;4.27.4&#8243; _module_preset=&#8221;2c55a9c4-feed-423b-9edb-ae0b5b365cac&#8221; text_orientation=&#8221;center&#8221; global_colors_info=&#8221;{}&#8221;]<\/p>\n<p>We bieden ook <a href=\"https:\/\/www.alliancerotterdam.nl\/nl\/product\/kindercursussen\/\">cursussen voor kinderen<\/a> en verschillende workshops zoals <a href=\"https:\/\/www.alliancerotterdam.nl\/nl\/product\/actualiteitenbijeenkomsten\/\">nieuwscaf\u00e9s<\/a>, kinderwagencaf\u00e9s, <a href=\"https:\/\/www.alliancerotterdam.nl\/nl\/product\/taalcursus-nederlands\/\">Nederlandse taalcursussen<\/a> en nog veel meer!<\/p>\n<p>[\/et_pb_text][et_pb_button button_url=&#8221;@ET-DC@eyJkeW5hbWljIjp0cnVlLCJjb250ZW50IjoicG9zdF9saW5rX3VybF9wYWdlIiwic2V0dGluZ3MiOnsicG9zdF9pZCI6IjciLCJlbmFibGVfaHRtbCI6Im9mZiJ9fQ==@&#8221; button_text=&#8221;Onze cursussen&#8221; button_alignment=&#8221;center&#8221; _builder_version=&#8221;4.27.4&#8243; _dynamic_attributes=&#8221;button_url&#8221; _module_preset=&#8221;1bffc0fc-42a0-49d1-bd9a-ae3ade2d7206&#8243; global_colors_info=&#8221;{}&#8221;][\/et_pb_button][\/et_pb_column][\/et_pb_row][\/et_pb_section][et_pb_section fb_built=&#8221;1&#8243; admin_label=&#8221;Events \/ News&#8221; _builder_version=&#8221;4.27.3&#8243; _module_preset=&#8221;default&#8221; global_colors_info=&#8221;{}&#8221;][et_pb_row column_structure=&#8221;2_3,1_3&#8243; make_equal=&#8221;on&#8221; admin_label=&#8221;Ligne&#8221; _builder_version=&#8221;4.27.4&#8243; _module_preset=&#8221;default&#8221; custom_margin=&#8221;||||false|false&#8221; custom_padding=&#8221;||||false|false&#8221; global_colors_info=&#8221;{}&#8221;][et_pb_column type=&#8221;2_3&#8243; admin_label=&#8221;Colonne&#8221; _builder_version=&#8221;4.27.4&#8243; _module_preset=&#8221;default&#8221; global_colors_info=&#8221;{}&#8221;][et_pb_heading title=&#8221;Komende evenementen&#8221; _builder_version=&#8221;4.27.4&#8243; _module_preset=&#8221;default&#8221; global_colors_info=&#8221;{}&#8221;][\/et_pb_heading][\/et_pb_column][et_pb_column type=&#8221;1_3&#8243; _builder_version=&#8221;4.27.4&#8243; _module_preset=&#8221;default&#8221; custom_css_main_element=&#8221;margin: auto;&#8221; global_colors_info=&#8221;{}&#8221;][et_pb_button button_url=&#8221;@ET-DC@eyJkeW5hbWljIjp0cnVlLCJjb250ZW50IjoicG9zdF9saW5rX3VybF9wYWdlIiwic2V0dGluZ3MiOnsicG9zdF9pZCI6IjkiLCJlbmFibGVfaHRtbCI6Im9mZiJ9fQ==@&#8221; button_text=&#8221;Alle evenementen&#8221; button_alignment=&#8221;right&#8221; disabled_on=&#8221;on|off|off&#8221; _builder_version=&#8221;4.27.4&#8243; _dynamic_attributes=&#8221;button_url&#8221; _module_preset=&#8221;1bffc0fc-42a0-49d1-bd9a-ae3ade2d7206&#8243; global_colors_info=&#8221;{}&#8221;][\/et_pb_button][\/et_pb_column][\/et_pb_row][et_pb_row admin_label=&#8221;Ligne&#8221; _builder_version=&#8221;4.27.4&#8243; _module_preset=&#8221;default&#8221; custom_margin=&#8221;0px||0px||true|false&#8221; custom_padding=&#8221;0px||40px||false|false&#8221; global_colors_info=&#8221;{}&#8221;][et_pb_column type=&#8221;4_4&#8243; _builder_version=&#8221;4.27.4&#8243; _module_preset=&#8221;default&#8221; global_colors_info=&#8221;{}&#8221;][decm_event_display show_virtual_event=&#8221;on&#8221; show_hybrid_event=&#8221;on&#8221; date_format=&#8221;j F Y&#8221; shorten_multidate=&#8221;off&#8221; show_end_time=&#8221;off&#8221; show_venue=&#8221;off&#8221; show_name=&#8221;off&#8221; show_price=&#8221;off&#8221; show_rsvp_feed=&#8221;off&#8221; show_category=&#8221;off&#8221; hide_comma_cat=&#8221;off&#8221; show_tag=&#8221;off&#8221; show_weburl=&#8221;off&#8221; show_excerpt=&#8221;off&#8221; show_detail=&#8221;off&#8221; show_callout_box=&#8221;off&#8221; show_icon_label=&#8221;none&#8221; event_count=&#8221;3&#8243; open_toggle_background_color=&#8221;#FFFFFF&#8221; month_sep_background_color=&#8221;RGBA(255,255,255,0)&#8221; details_background_color=&#8221;RGBA(255,255,255,0)&#8221; callout_background_color=&#8221;RGBA(255,255,255,0)&#8221; details_icon_color=&#8221;gcid-primary-color&#8221; cards_spacing=&#8221;||||true|false&#8221; event_inner_spacing=&#8221;30px|30px|30px|30px|true|true&#8221; view_more_text=&#8221;En savoir plus&#8221; align=&#8221;center&#8221; button_align=&#8221;on&#8221; whole_event_clickable=&#8221;on&#8221; callout_background_color_tablet=&#8221;#FFFFFF&#8221; callout_background_color_phone=&#8221;#FFFFFF&#8221; callout_background_color_last_edited=&#8221;on|desktop&#8221; admin_label=&#8221;Flux d\u2019\u00e9v\u00e9nements&#8221; _builder_version=&#8221;4.27.4&#8243; _module_preset=&#8221;default&#8221; title_font=&#8221;&#8211;et_global_heading_font|100|||||||&#8221; duration_font=&#8221;&#8211;et_global_body_font||||||||&#8221; background_color=&#8221;RGBA(255,255,255,0)&#8221; custom_view_more=&#8221;on&#8221; view_more_text_size=&#8221;14px&#8221; view_more_text_color=&#8221;#FFFFFF&#8221; view_more_bg_color=&#8221;gcid-primary-color&#8221; view_more_border_width=&#8221;0px&#8221; view_more_border_radius=&#8221;100px&#8221; view_more_font=&#8221;&#8211;et_global_body_font|600|||||||&#8221; view_more_icon=&#8221;&#x35;||divi||400&#8243; custom_margin=&#8221;||||false|false&#8221; custom_margin_tablet=&#8221;||||false|false&#8221; custom_margin_phone=&#8221;||0px||false|false&#8221; custom_margin_last_edited=&#8221;on|phone&#8221; custom_padding=&#8221;||0px||false|false&#8221; custom_css_free_form=&#8221;selector .et_pb_column .et_pb_module {||  margin-bottom: 0px !important;||}||||&#8221; border_radii_event_border=&#8221;on|6px|6px|6px|6px&#8221; border_color_all_details_border=&#8221;RGBA(255,255,255,0)&#8221; box_shadow_style_event_box_shadow=&#8221;preset1&#8243; locked=&#8221;off&#8221; global_colors_info=&#8221;{%22gcid-primary-color%22:%91%22view_more_bg_color%22,%22details_icon_color%22%93}&#8221;][\/decm_event_display][et_pb_button button_url=&#8221;@ET-DC@eyJkeW5hbWljIjp0cnVlLCJjb250ZW50IjoicG9zdF9saW5rX3VybF9wYWdlIiwic2V0dGluZ3MiOnsicG9zdF9pZCI6IjkiLCJlbmFibGVfaHRtbCI6Im9mZiJ9fQ==@&#8221; button_text=&#8221;Alle evenementen&#8221; button_alignment=&#8221;right&#8221; disabled_on=&#8221;off|on|on&#8221; _builder_version=&#8221;4.27.4&#8243; _dynamic_attributes=&#8221;button_url&#8221; _module_preset=&#8221;default&#8221; global_colors_info=&#8221;{}&#8221;][\/et_pb_button][et_pb_divider show_divider=&#8221;off&#8221; disabled_on=&#8221;off|off|on&#8221; _builder_version=&#8221;4.27.4&#8243; _module_preset=&#8221;default&#8221; min_height=&#8221;30px&#8221; global_colors_info=&#8221;{}&#8221;][\/et_pb_divider][\/et_pb_column][\/et_pb_row][et_pb_row column_structure=&#8221;2_3,1_3&#8243; make_equal=&#8221;on&#8221; _builder_version=&#8221;4.27.4&#8243; _module_preset=&#8221;default&#8221; custom_margin_phone=&#8221;30px||||false|false&#8221; custom_margin_last_edited=&#8221;off|phone&#8221; global_colors_info=&#8221;{}&#8221;][et_pb_column type=&#8221;2_3&#8243; _builder_version=&#8221;4.27.4&#8243; _module_preset=&#8221;default&#8221; custom_padding_phone=&#8221;||0px||false|false&#8221; custom_padding_last_edited=&#8221;off|desktop&#8221; global_colors_info=&#8221;{}&#8221;][et_pb_heading title=&#8221;Nieuws&#8221; _builder_version=&#8221;4.27.4&#8243; _module_preset=&#8221;c33f07d9-41e0-421a-8799-5799df695cce&#8221; global_colors_info=&#8221;{}&#8221;][\/et_pb_heading][\/et_pb_column][et_pb_column type=&#8221;1_3&#8243; _builder_version=&#8221;4.27.4&#8243; _module_preset=&#8221;default&#8221; custom_css_main_element=&#8221;margin: auto;&#8221; global_colors_info=&#8221;{}&#8221;][et_pb_button button_url=&#8221;@ET-DC@eyJkeW5hbWljIjp0cnVlLCJjb250ZW50IjoicG9zdF9saW5rX3VybF9wYWdlIiwic2V0dGluZ3MiOnsicG9zdF9pZCI6IjI3MzA5IiwiZW5hYmxlX2h0bWwiOiJvZmYifX0=@&#8221; button_text=&#8221;Al het laatste nieuws&#8221; button_alignment=&#8221;right&#8221; disabled_on=&#8221;on|off|off&#8221; _builder_version=&#8221;4.27.4&#8243; _dynamic_attributes=&#8221;button_url&#8221; _module_preset=&#8221;default&#8221; global_colors_info=&#8221;{}&#8221;][\/et_pb_button][\/et_pb_column][\/et_pb_row][et_pb_row custom_padding_last_edited=&#8221;off|desktop&#8221; _builder_version=&#8221;4.27.4&#8243; _module_preset=&#8221;default&#8221; custom_margin=&#8221;0px||||false|false&#8221; custom_margin_last_edited=&#8221;off|desktop&#8221; custom_padding=&#8221;0px||||false|false&#8221; custom_padding_phone=&#8221;0px||||false|false&#8221; global_colors_info=&#8221;{}&#8221;][et_pb_column type=&#8221;4_4&#8243; admin_label=&#8221;Colonne&#8221; _builder_version=&#8221;4.27.4&#8243; _module_preset=&#8221;default&#8221; global_colors_info=&#8221;{}&#8221;][et_pb_blog posts_number=&#8221;3&#8243; include_categories=&#8221;30,39&#8243; meta_date=&#8221;j F Y&#8221; show_more=&#8221;off&#8221; show_categories=&#8221;off&#8221; show_pagination=&#8221;off&#8221; module_class=&#8221;dt-blog-equal-height&#8221; _builder_version=&#8221;4.27.4&#8243; _module_preset=&#8221;default&#8221; custom_padding=&#8221;||||false|false&#8221; custom_css_free_form=&#8221;selector .et_pb_post {||  padding: 30px !important;||}||selector .et_pb_image_container {||  margin: 0px;||}&#8221; box_shadow_style=&#8221;preset1&#8243; global_colors_info=&#8221;{}&#8221;][\/et_pb_blog][et_pb_button button_url=&#8221;@ET-DC@eyJkeW5hbWljIjp0cnVlLCJjb250ZW50IjoicG9zdF9saW5rX3VybF9wYWdlIiwic2V0dGluZ3MiOnsicG9zdF9pZCI6IjI3MzA5IiwiZW5hYmxlX2h0bWwiOiJvZmYifX0=@&#8221; button_text=&#8221;Al het laatste nieuws&#8221; button_alignment=&#8221;right&#8221; disabled_on=&#8221;off|on|on&#8221; _builder_version=&#8221;4.27.4&#8243; _dynamic_attributes=&#8221;button_url&#8221; _module_preset=&#8221;default&#8221; global_colors_info=&#8221;{}&#8221;][\/et_pb_button][\/et_pb_column][\/et_pb_row][\/et_pb_section]<\/p>\n","protected":false},"excerpt":{"rendered":"<p>Apprenez le fran\u00e7ais \u00e0 l&#8217;Alliance Fran\u00e7aise avec nos cours de groupe, cours priv\u00e9s ou cours en entreprise ; en pr\u00e9sentiel ou en ligne.We bieden ook cursussen voor kinderen en verschillende [&hellip;]<\/p>\n","protected":false},"author":1,"featured_media":0,"parent":0,"menu_order":0,"comment_status":"closed","ping_status":"closed","template":"","meta":{"_et_pb_use_builder":"on","_et_pb_old_content":"","_et_gb_content_width":"","footnotes":""},"class_list":["post-30108","page","type-page","status-publish","hentry"],"_links":{"self":[{"href":"https:\/\/www.alliancerotterdam.nl\/nl\/wp-json\/wp\/v2\/pages\/30108","targetHints":{"allow":["GET"]}}],"collection":[{"href":"https:\/\/www.alliancerotterdam.nl\/nl\/wp-json\/wp\/v2\/pages"}],"about":[{"href":"https:\/\/www.alliancerotterdam.nl\/nl\/wp-json\/wp\/v2\/types\/page"}],"author":[{"embeddable":true,"href":"https:\/\/www.alliancerotterdam.nl\/nl\/wp-json\/wp\/v2\/users\/1"}],"replies":[{"embeddable":true,"href":"https:\/\/www.alliancerotterdam.nl\/nl\/wp-json\/wp\/v2\/comments?post=30108"}],"version-history":[{"count":25,"href":"https:\/\/www.alliancerotterdam.nl\/nl\/wp-json\/wp\/v2\/pages\/30108\/revisions"}],"predecessor-version":[{"id":34679,"href":"https:\/\/www.alliancerotterdam.nl\/nl\/wp-json\/wp\/v2\/pages\/30108\/revisions\/34679"}],"wp:attachment":[{"href":"https:\/\/www.alliancerotterdam.nl\/nl\/wp-json\/wp\/v2\/media?parent=30108"}],"curies":[{"name":"wp","href":"https:\/\/api.w.org\/{rel}","templated":true}]}}