{"id":28172,"date":"2024-10-17T15:37:26","date_gmt":"2024-10-17T13:37:26","guid":{"rendered":"https:\/\/dev2.alliancerotterdam.nl\/contact\/"},"modified":"2026-03-19T18:10:22","modified_gmt":"2026-03-19T17:10:22","slug":"contact","status":"publish","type":"page","link":"https:\/\/www.alliancerotterdam.nl\/nl\/contact\/","title":{"rendered":"Contact"},"content":{"rendered":"<p>[et_pb_section fb_built=&#8221;1&#8243; admin_label=&#8221;Titre&#8221; _builder_version=&#8221;4.27.4&#8243; _module_preset=&#8221;default&#8221; background_color=&#8221;gcid-primary-color&#8221; custom_padding=&#8221;||0px||false|false&#8221; locked=&#8221;off&#8221; collapsed=&#8221;on&#8221; global_colors_info=&#8221;{%22gcid-primary-color%22:%91%22background_color%22%93}&#8221;][et_pb_row _builder_version=&#8221;4.27.3&#8243; _module_preset=&#8221;5138c454-be54-4233-bd3b-f8e6a8747976&#8243; global_colors_info=&#8221;{}&#8221;][et_pb_column type=&#8221;4_4&#8243; _builder_version=&#8221;4.27.3&#8243; _module_preset=&#8221;73121f80-a3ef-4484-8763-c3f18e3c56d2&#8243; global_colors_info=&#8221;{}&#8221;][et_pb_heading title=&#8221;Alliance Fran\u00e7aise Rotterdam&#8221; _builder_version=&#8221;4.27.4&#8243; _module_preset=&#8221;ddeb8c09-9078-4424-bc15-2efb6572e28e&#8221; locked=&#8221;off&#8221; global_colors_info=&#8221;{}&#8221;][\/et_pb_heading][\/et_pb_column][\/et_pb_row][\/et_pb_section][et_pb_section fb_built=&#8221;1&#8243; specialty=&#8221;on&#8221; custom_css_main_2=&#8221;background-color: white;||box-shadow: rgba(0, 0, 0, 0.12) 0px 24px 72px -12px;||border-radius: 6px;||margin-top: 30px;||padding: 30px;&#8221; admin_label=&#8221;Contact \/ adresse&#8221; _builder_version=&#8221;4.27.4&#8243; _module_preset=&#8221;default&#8221; use_background_color_gradient=&#8221;on&#8221; background_color_gradient_stops=&#8221;#da002e 10em|#ffffff 10em&#8221; background_color_gradient_unit=&#8221;em&#8221; custom_padding=&#8221;0px||||false|false&#8221; global_colors_info=&#8221;{%22gcid-primary-color%22:%91%22background_color_gradient_stops%22%93}&#8221;][et_pb_column type=&#8221;1_2&#8243; specialty_columns=&#8221;2&#8243; _builder_version=&#8221;4.16&#8243; custom_padding=&#8221;|||&#8221; global_colors_info=&#8221;{}&#8221; custom_padding__hover=&#8221;|||&#8221;][et_pb_row_inner admin_label=&#8221;Row&#8221; _builder_version=&#8221;4.27.4&#8243; _module_preset=&#8221;default&#8221; global_colors_info=&#8221;{}&#8221;][et_pb_column_inner saved_specialty_column_type=&#8221;1_2&#8243; admin_label=&#8221;Column&#8221; _builder_version=&#8221;4.27.4&#8243; _module_preset=&#8221;50607da8-57bc-4d4b-aaef-f02e41c2cc4a&#8221; custom_padding_phone=&#8221;20px|20px|20px|20px|true|true&#8221; global_colors_info=&#8221;{%22gcid-7cadd8b3-5228-48e4-90c4-212d09232f7b%22:%91%22color%22,%22color%22%93,%22gcid-36fd78a7-34bc-404d-873c-dafa34efaae5%22:%91%22color%22%93}&#8221;][et_pb_heading title=&#8221;Neem contact met ons op&#8221; admin_label=&#8221;Heading&#8221; _builder_version=&#8221;4.27.4&#8243; _module_preset=&#8221;ba4a6336-701f-47b8-bf5c-09da0ce28016&#8243; locked=&#8221;off&#8221; global_colors_info=&#8221;{}&#8221;][\/et_pb_heading][et_pb_contact_form captcha=&#8221;off&#8221; email=&#8221;bonjour@alliancerotterdam.nl&#8221; custom_message=&#8221;Nom : %%Name%%||et_pb_line_break_holder||E-mail : %%Email%%||et_pb_line_break_holder||Message : ||et_pb_line_break_holder||%%Message%%&#8221; admin_label=&#8221;Contact Form&#8221; _builder_version=&#8221;4.27.4&#8243; _module_preset=&#8221;347de7c5-8eec-4fb2-89ad-e07c220a4ead&#8221; locked=&#8221;off&#8221; global_colors_info=&#8221;{}&#8221;][et_pb_contact_field field_id=&#8221;Name&#8221; field_title=&#8221;Naam&#8221; fullwidth_field=&#8221;on&#8221; _builder_version=&#8221;4.27.4&#8243; _module_preset=&#8221;default&#8221; global_colors_info=&#8221;{}&#8221; button_text_size__hover_enabled=&#8221;off&#8221; button_one_text_size__hover_enabled=&#8221;off&#8221; button_two_text_size__hover_enabled=&#8221;off&#8221; button_text_color__hover_enabled=&#8221;off&#8221; button_one_text_color__hover_enabled=&#8221;off&#8221; button_two_text_color__hover_enabled=&#8221;off&#8221; button_border_width__hover_enabled=&#8221;off&#8221; button_one_border_width__hover_enabled=&#8221;off&#8221; button_two_border_width__hover_enabled=&#8221;off&#8221; button_border_color__hover_enabled=&#8221;off&#8221; button_one_border_color__hover_enabled=&#8221;off&#8221; button_two_border_color__hover_enabled=&#8221;off&#8221; button_border_radius__hover_enabled=&#8221;off&#8221; button_one_border_radius__hover_enabled=&#8221;off&#8221; button_two_border_radius__hover_enabled=&#8221;off&#8221; button_letter_spacing__hover_enabled=&#8221;off&#8221; button_one_letter_spacing__hover_enabled=&#8221;off&#8221; button_two_letter_spacing__hover_enabled=&#8221;off&#8221; button_bg_color__hover_enabled=&#8221;off&#8221; button_one_bg_color__hover_enabled=&#8221;off&#8221; button_two_bg_color__hover_enabled=&#8221;off&#8221;][\/et_pb_contact_field][et_pb_contact_field field_id=&#8221;Email&#8221; field_title=&#8221;E-mail&#8221; field_type=&#8221;email&#8221; fullwidth_field=&#8221;on&#8221; _builder_version=&#8221;4.27.4&#8243; _module_preset=&#8221;default&#8221; global_colors_info=&#8221;{}&#8221; button_text_size__hover_enabled=&#8221;off&#8221; button_one_text_size__hover_enabled=&#8221;off&#8221; button_two_text_size__hover_enabled=&#8221;off&#8221; button_text_color__hover_enabled=&#8221;off&#8221; button_one_text_color__hover_enabled=&#8221;off&#8221; button_two_text_color__hover_enabled=&#8221;off&#8221; button_border_width__hover_enabled=&#8221;off&#8221; button_one_border_width__hover_enabled=&#8221;off&#8221; button_two_border_width__hover_enabled=&#8221;off&#8221; button_border_color__hover_enabled=&#8221;off&#8221; button_one_border_color__hover_enabled=&#8221;off&#8221; button_two_border_color__hover_enabled=&#8221;off&#8221; button_border_radius__hover_enabled=&#8221;off&#8221; button_one_border_radius__hover_enabled=&#8221;off&#8221; button_two_border_radius__hover_enabled=&#8221;off&#8221; button_letter_spacing__hover_enabled=&#8221;off&#8221; button_one_letter_spacing__hover_enabled=&#8221;off&#8221; button_two_letter_spacing__hover_enabled=&#8221;off&#8221; button_bg_color__hover_enabled=&#8221;off&#8221; button_one_bg_color__hover_enabled=&#8221;off&#8221; button_two_bg_color__hover_enabled=&#8221;off&#8221;][\/et_pb_contact_field][et_pb_contact_field field_id=&#8221;Message&#8221; field_title=&#8221;Bericht&#8221; field_type=&#8221;text&#8221; fullwidth_field=&#8221;on&#8221; _builder_version=&#8221;4.27.4&#8243; _module_preset=&#8221;default&#8221; global_colors_info=&#8221;{}&#8221; button_text_size__hover_enabled=&#8221;off&#8221; button_one_text_size__hover_enabled=&#8221;off&#8221; button_two_text_size__hover_enabled=&#8221;off&#8221; button_text_color__hover_enabled=&#8221;off&#8221; button_one_text_color__hover_enabled=&#8221;off&#8221; button_two_text_color__hover_enabled=&#8221;off&#8221; button_border_width__hover_enabled=&#8221;off&#8221; button_one_border_width__hover_enabled=&#8221;off&#8221; button_two_border_width__hover_enabled=&#8221;off&#8221; button_border_color__hover_enabled=&#8221;off&#8221; button_one_border_color__hover_enabled=&#8221;off&#8221; button_two_border_color__hover_enabled=&#8221;off&#8221; button_border_radius__hover_enabled=&#8221;off&#8221; button_one_border_radius__hover_enabled=&#8221;off&#8221; button_two_border_radius__hover_enabled=&#8221;off&#8221; button_letter_spacing__hover_enabled=&#8221;off&#8221; button_one_letter_spacing__hover_enabled=&#8221;off&#8221; button_two_letter_spacing__hover_enabled=&#8221;off&#8221; button_bg_color__hover_enabled=&#8221;off&#8221; button_one_bg_color__hover_enabled=&#8221;off&#8221; button_two_bg_color__hover_enabled=&#8221;off&#8221;][\/et_pb_contact_field][\/et_pb_contact_form][\/et_pb_column_inner][\/et_pb_row_inner][et_pb_row_inner column_structure=&#8221;1_2,1_2&#8243; use_custom_gutter=&#8221;on&#8221; admin_label=&#8221;Row&#8221; _builder_version=&#8221;4.27.4&#8243; _module_preset=&#8221;default&#8221; global_colors_info=&#8221;{}&#8221;][et_pb_column_inner type=&#8221;1_2&#8243; saved_specialty_column_type=&#8221;1_2&#8243; _builder_version=&#8221;4.27.4&#8243; _module_preset=&#8221;50607da8-57bc-4d4b-aaef-f02e41c2cc4a&#8221; custom_padding=&#8221;30px|20px|30px|20px|true|false&#8221; custom_padding_last_edited=&#8221;off|desktop&#8221; global_colors_info=&#8221;{}&#8221;][et_pb_blurb title=&#8221;Telefoon&#8221; admin_label=&#8221;Blurb&#8221; _builder_version=&#8221;4.27.4&#8243; _module_preset=&#8221;212b201d-2c34-41bd-936c-851b7357d08b&#8221; body_font_size=&#8221;12px&#8221; header_font_size_phone=&#8221;22px&#8221; global_colors_info=&#8221;{}&#8221;]<\/p>\n<p><a href=\"tel:+31104360421\">+31 (0)10 436 04 21<\/a><\/p>\n<p>[\/et_pb_blurb][\/et_pb_column_inner][et_pb_column_inner type=&#8221;1_2&#8243; saved_specialty_column_type=&#8221;1_2&#8243; _builder_version=&#8221;4.27.4&#8243; _module_preset=&#8221;50607da8-57bc-4d4b-aaef-f02e41c2cc4a&#8221; custom_padding=&#8221;30px|20px|30px|20px|true|true&#8221; custom_padding_last_edited=&#8221;off|desktop&#8221; global_colors_info=&#8221;{}&#8221;][et_pb_blurb title=&#8221;E-mail&#8221; admin_label=&#8221;R\u00e9sum\u00e9&#8221; _builder_version=&#8221;4.27.4&#8243; _module_preset=&#8221;212b201d-2c34-41bd-936c-851b7357d08b&#8221; body_font_size=&#8221;12px&#8221; header_font_size_phone=&#8221;22px&#8221; locked=&#8221;off&#8221; global_colors_info=&#8221;{}&#8221;]<\/p>\n<p><a href=\"mailto:bonjour@alliancerotterdam.nl\">bonjour@alliancerotterdam.nl<\/a><\/p>\n<p>[\/et_pb_blurb][\/et_pb_column_inner][\/et_pb_row_inner][\/et_pb_column][et_pb_column type=&#8221;1_2&#8243; admin_label=&#8221;Colonne&#8221; _builder_version=&#8221;4.16&#8243; custom_padding=&#8221;|||&#8221; global_colors_info=&#8221;{}&#8221; custom_padding__hover=&#8221;|||&#8221;][et_pb_heading title=&#8221;Ons adres&#8221; admin_label=&#8221;Heading&#8221; _builder_version=&#8221;4.27.4&#8243; _module_preset=&#8221;ba4a6336-701f-47b8-bf5c-09da0ce28016&#8243; locked=&#8221;off&#8221; global_colors_info=&#8221;{}&#8221;][\/et_pb_heading][et_pb_blurb admin_label=&#8221;Blurb&#8221; _builder_version=&#8221;4.27.4&#8243; _module_preset=&#8221;212b201d-2c34-41bd-936c-851b7357d08b&#8221; text_orientation=&#8221;left&#8221; locked=&#8221;off&#8221; global_colors_info=&#8221;{}&#8221;]<\/p>\n<p><a href=\"https:\/\/maps.app.goo.gl\/XsS8XHTMRisM8bGJA\">Westersingel 14<br \/>3014 GN Rotterdam<\/a><\/p>\n<p>[\/et_pb_blurb][et_pb_code _builder_version=&#8221;4.27.4&#8243; _module_preset=&#8221;default&#8221; hover_enabled=&#8221;0&#8243; global_colors_info=&#8221;{}&#8221; sticky_enabled=&#8221;0&#8243;]<pee><iframe loading=\"lazy\" style=\"border: 0;\" src=\"https:\/\/www.google.com\/maps\/embed?pb=!1m18!1m12!1m3!1d4921.552001093412!2d4.466583460214447!3d51.919797799703616!2m3!1f0!2f0!3f0!3m2!1i1024!2i768!4f13.1!3m3!1m2!1s0x47c434a15c3f253f%3A0x9824ab91c2aa80f5!2sAlliance%20Fran%C3%A7aise%20Rotterdam!5e0!3m2!1sfr!2snl!4v1773939989048!5m2!1sfr!2snl\" width=\"600\" height=\"450\" allowfullscreen=\"allowfullscreen\"><\/iframe><\/pee>[\/et_pb_code][\/et_pb_column][\/et_pb_section][et_pb_section fb_built=&#8221;1&#8243; admin_label=&#8221;Horaires&#8221; _builder_version=&#8221;4.17.6&#8243; _module_preset=&#8221;default&#8221; locked=&#8221;off&#8221; collapsed=&#8221;on&#8221; global_colors_info=&#8221;{}&#8221;][et_pb_row admin_label=&#8221;Ligne&#8221; _builder_version=&#8221;4.17.6&#8243; _module_preset=&#8221;5138c454-be54-4233-bd3b-f8e6a8747976&#8243; global_colors_info=&#8221;{}&#8221;][et_pb_column type=&#8221;4_4&#8243; _builder_version=&#8221;4.16&#8243; _module_preset=&#8221;73121f80-a3ef-4484-8763-c3f18e3c56d2&#8243; global_colors_info=&#8221;{}&#8221;][et_pb_heading title=&#8221;Openingstijden&#8221; admin_label=&#8221;En-t\u00eate&#8221; _builder_version=&#8221;4.27.3&#8243; _module_preset=&#8221;c33f07d9-41e0-421a-8799-5799df695cce&#8221; locked=&#8221;off&#8221; global_colors_info=&#8221;{%22gcid-heading-color%22:%91%22title_text_color%22,%22title_text_color%22%93}&#8221;][\/et_pb_heading][et_pb_text _builder_version=&#8221;4.27.4&#8243; _module_preset=&#8221;default&#8221; global_colors_info=&#8221;{}&#8221;]<\/p>\n<ul class=\"wp-block-list\">\n<li>De Alliance Fran\u00e7aise is het hele jaar door geopend, behalve tijdens de twee weken van de kerstvakantie en in de maand augustus.<\/li>\n<li>De Alliance Fran\u00e7aise is geopend van maandag tot en met donderdag, van 14.00 tot 20.30 uur. Op vrijdag en Zaterdag van 9.00 tot 13.00 uur.<\/li>\n<li>Hotline: maandag tot en met donderdag, van 9.30 tot 13.00 uur.<\/li>\n<\/ul>\n<p>[\/et_pb_text][\/et_pb_column][\/et_pb_row][\/et_pb_section][et_pb_section fb_built=&#8221;1&#8243; inner_shadow=&#8221;on&#8221; admin_label=&#8221;L&#8217;Alliance&#8221; _builder_version=&#8221;4.27.4&#8243; _module_preset=&#8221;default&#8221; locked=&#8221;off&#8221; collapsed=&#8221;on&#8221; global_colors_info=&#8221;{}&#8221;][et_pb_row _builder_version=&#8221;4.27.2&#8243; _module_preset=&#8221;5138c454-be54-4233-bd3b-f8e6a8747976&#8243; global_colors_info=&#8221;{}&#8221;][et_pb_column type=&#8221;4_4&#8243; _builder_version=&#8221;4.27.2&#8243; _module_preset=&#8221;73121f80-a3ef-4484-8763-c3f18e3c56d2&#8243; background_enable_image=&#8221;off&#8221; global_colors_info=&#8221;{}&#8221;][et_pb_heading title=&#8221;De Alliance&#8221; _builder_version=&#8221;4.27.2&#8243; _module_preset=&#8221;c33f07d9-41e0-421a-8799-5799df695cce&#8221; locked=&#8221;off&#8221; global_colors_info=&#8221;{%22gcid-heading-color%22:%91%22title_text_color%22,%22title_text_color%22%93}&#8221;][\/et_pb_heading][et_pb_text _builder_version=&#8221;4.27.2&#8243; _module_preset=&#8221;default&#8221; global_colors_info=&#8221;{}&#8221;]<\/p>\n<p>De Alliance Fran\u00e7aise is gevestigd in een mooi herenhuis in het centrum van Rotterdam, aan de Westersingel 14, de culturele as van de stad met de beroemde Beeldenroute, op 5 minuten lopen van het Centraal Station. In ons gebouw kunt u terecht op vier verdiepingen in ruimtes die zijn ingericht voor culturele en taalkundige activiteiten. Verder kunt u gebruikmaken van ons caf\u00e9 en onze bibliotheek.<\/p>\n<p><\/p>\n<p>Met subsidie van de Gemeente Rotterdam en het Franse Ministerie van Buitenlandse Zaken is het gebouw in 1996 gerenoveerd door het architectenbureau van Rem Koolhaas, OMA Rotterdam (Office for Metropolitan Architecture) en de Rotterdamse kunstenaar Joep van Lieshout. Kunstwerken zijn ge\u00efntegreerd in de architectuur van het gebouw. De Franse kunstenaar Daniel Buren heeft in 2000 een kunstwerk voor de gevel van het gebouw gemaakt.<\/p>\n<p><\/p>\n<p>Onze cursussen Frans, gegeven door gekwalificeerde leraren Frans, zijn afgestemd op een internationaal publiek of op jouw specifieke behoeften. We bieden een breed scala aan culturele activiteiten, zoals conferenties, literaire evenementen, tentoonstellingen, proeverijen van Frans eten, concerten en andere thema-avonden.<\/p>\n<p><\/p>\n<p>Het netwerk van de Alliances Fran\u00e7aises, dat in 132 landen actief is, wordt bestuurd door de Fondation Alliances Fran\u00e7aises. Nederland heeft met 34 vestigingen een van de meest actieve netwerken van de Alliances Fran\u00e7aises. We delen dezelfde missie: het leren van de Franse taal bevorderen en de kennis van en waardering voor de Franse en Franstalige cultuur promoten.<\/p>\n<p>[\/et_pb_text][\/et_pb_column][\/et_pb_row][\/et_pb_section][et_pb_section fb_built=&#8221;1&#8243; admin_label=&#8221;Charte de qualit\u00e9&#8221; _builder_version=&#8221;4.27.4&#8243; _module_preset=&#8221;default&#8221; locked=&#8221;off&#8221; collapsed=&#8221;on&#8221; global_colors_info=&#8221;{}&#8221;][et_pb_row column_structure=&#8221;3_5,2_5&#8243; make_equal=&#8221;on&#8221; admin_label=&#8221;Ligne&#8221; _builder_version=&#8221;4.27.4&#8243; _module_preset=&#8221;5138c454-be54-4233-bd3b-f8e6a8747976&#8243; positioning=&#8221;none&#8221; global_colors_info=&#8221;{}&#8221;][et_pb_column type=&#8221;3_5&#8243; admin_label=&#8221;Colonne&#8221; _builder_version=&#8221;4.27.2&#8243; _module_preset=&#8221;73121f80-a3ef-4484-8763-c3f18e3c56d2&#8243; background_enable_image=&#8221;off&#8221; global_colors_info=&#8221;{}&#8221;][et_pb_heading title=&#8221;Kwaliteitsverklaring&#8221; _builder_version=&#8221;4.27.4&#8243; _module_preset=&#8221;c33f07d9-41e0-421a-8799-5799df695cce&#8221; positioning=&#8221;none&#8221; locked=&#8221;off&#8221; global_colors_info=&#8221;{%22gcid-heading-color%22:%91%22title_text_color%22,%22title_text_color%22%93}&#8221;][\/et_pb_heading][et_pb_text _builder_version=&#8221;4.27.4&#8243; _module_preset=&#8221;default&#8221; global_colors_info=&#8221;{}&#8221;]<\/p>\n<ul class=\"wp-block-list\">\n<li>De Alliances Fran\u00e7aises van Nederland vormen een\u202f<strong>nationaal netwerk<\/strong>\u202fmet een cursusaanbod dat de specifieke kenmerken van Nederland en het Nederlandse publiek als uitgangspunt heeft.<\/li>\n<\/ul>\n<p><\/p>\n<ul class=\"wp-block-list\">\n<li><strong>Het\u202fcursusaanbod<\/strong>\u202fis gebaseerd op het gemeenschappelijk Europees referentiekader voor talen.<\/li>\n<\/ul>\n<p><\/p>\n<ul class=\"wp-block-list\">\n<li>De docenten, die Frans als moedertaal dan wel als tweede taal hebben, zijn\u202f<strong>vakkundig\u202f<\/strong>en\u202f<strong>bevoegd<\/strong>.\u202fDoor middel van na- en bijscholing actualiseren zij voortdurend hun kennis en vakkundigheid.<\/li>\n<\/ul>\n<p><\/p>\n<ul class=\"wp-block-list\">\n<li>Er is een\u202f<strong>breed<\/strong><strong>\u202fcursusaanbod\u202f<\/strong>dat aansluit bij de behoeften van de cursisten.<\/li>\n<\/ul>\n<p><\/p>\n<ul class=\"wp-block-list\">\n<li>Een vrijblijvende\u202f<strong>persoonlijke niveaubepaling<\/strong>\u202fwordt v\u00f3\u00f3r de inschrijving aangeboden.<\/li>\n<\/ul>\n<p><\/p>\n<ul class=\"wp-block-list\">\n<li>De gebruikte\u202f<strong>methoden\u202f<\/strong>zijn communicatief en actief. Zij gaan uit van het\u202f<strong>Europees referentiekader.<\/strong><\/li>\n<\/ul>\n<p><\/p>\n<ul class=\"wp-block-list\">\n<li>De cursisten hebben de mogelijkheid om zich voor te bereiden op de<strong> erkende<\/strong> <strong>diploma\u2019s Frans<\/strong> als vreemde taal.<\/li>\n<\/ul>\n<p>[\/et_pb_text][\/et_pb_column][et_pb_column type=&#8221;2_5&#8243; _builder_version=&#8221;4.27.4&#8243; _module_preset=&#8221;73121f80-a3ef-4484-8763-c3f18e3c56d2&#8243; background_enable_image=&#8221;off&#8221; positioning=&#8221;none&#8221; position_origin_a=&#8221;center_right&#8221; position_origin_r=&#8221;bottom_right&#8221; custom_css_main_element=&#8221;margin: auto;&#8221; global_colors_info=&#8221;{}&#8221;][et_pb_image src=&#8221;https:\/\/www.alliancerotterdam.nl\/wp-content\/uploads\/sites\/4\/2024\/11\/Charte-qualite-banniere-scaled-1.jpg&#8221; title_text=&#8221;Charte-qualite-banniere-scaled&#8221; _builder_version=&#8221;4.27.4&#8243; _module_preset=&#8221;8249bb47-7bda-4c77-8a37-2a958f7a9826&#8243; position_origin_a=&#8221;center_right&#8221; width=&#8221;100%&#8221; global_colors_info=&#8221;{}&#8221;][\/et_pb_image][\/et_pb_column][\/et_pb_row][\/et_pb_section][et_pb_section fb_built=&#8221;1&#8243; admin_label=&#8221;L&#8217;\u00e9quipe&#8221; _builder_version=&#8221;4.17.6&#8243; _module_preset=&#8221;default&#8221; locked=&#8221;off&#8221; collapsed=&#8221;on&#8221; global_colors_info=&#8221;{}&#8221;][et_pb_row _builder_version=&#8221;4.27.2&#8243; _module_preset=&#8221;5138c454-be54-4233-bd3b-f8e6a8747976&#8243; global_colors_info=&#8221;{}&#8221;][et_pb_column type=&#8221;4_4&#8243; _builder_version=&#8221;4.27.2&#8243; _module_preset=&#8221;73121f80-a3ef-4484-8763-c3f18e3c56d2&#8243; background_enable_image=&#8221;off&#8221; global_colors_info=&#8221;{}&#8221;][et_pb_heading title=&#8221;Het team&#8221; _builder_version=&#8221;4.27.4&#8243; _module_preset=&#8221;c33f07d9-41e0-421a-8799-5799df695cce&#8221; locked=&#8221;off&#8221; global_colors_info=&#8221;{}&#8221;][\/et_pb_heading][\/et_pb_column][\/et_pb_row][et_pb_row column_structure=&#8221;1_2,1_2&#8243; _builder_version=&#8221;4.27.2&#8243; _module_preset=&#8221;5138c454-be54-4233-bd3b-f8e6a8747976&#8243; global_colors_info=&#8221;{}&#8221;][et_pb_column type=&#8221;1_2&#8243; _builder_version=&#8221;4.27.2&#8243; _module_preset=&#8221;73121f80-a3ef-4484-8763-c3f18e3c56d2&#8243; background_enable_image=&#8221;off&#8221; global_colors_info=&#8221;{}&#8221;][et_pb_text _builder_version=&#8221;4.27.4&#8243; _module_preset=&#8221;default&#8221; global_colors_info=&#8221;{}&#8221;]<\/p>\n<p>Marie Molimar &#8211; Directeur \/ Cursus co\u00f6rdinator<br \/>Florian Lafosse &#8211; Cursus en examen co\u00f6rdinator<br \/>Annemieke van den Bijlaard &#8211; Accounting<br \/>Juliette Deshayes \u2013 Culturele planning en communicatie<br \/>Christine Vermeij \u2013 Bibliothecaris<\/p>\n<p>[\/et_pb_text][et_pb_text _builder_version=&#8221;4.27.4&#8243; _module_preset=&#8221;default&#8221; custom_padding=&#8221;||0px|||&#8221; global_colors_info=&#8221;{}&#8221;]<\/p>\n<h3>De raad van bestuur<\/h3>\n<p><\/p>\n<p>Edwige Leblay \u2013 Voorzitter<br \/>Richard Schreurs \u2013 Penningmeester<\/p>\n<p>[\/et_pb_text][\/et_pb_column][et_pb_column type=&#8221;1_2&#8243; _builder_version=&#8221;4.27.2&#8243; _module_preset=&#8221;default&#8221; global_colors_info=&#8221;{}&#8221;][et_pb_text _builder_version=&#8221;4.27.4&#8243; _module_preset=&#8221;default&#8221; global_colors_info=&#8221;{}&#8221;]<\/p>\n<h3>Docenten<\/h3>\n<p><\/p>\n<p>Florent Arjol Cond\u00e9<br \/>Elisabeth van Bemmel<br \/>Isabelle Benoteau<br \/>Val\u00e9rie Charbey<br \/>Morgane Duminy<br \/>V\u00e9ronique Dunesme<br \/>Florian Lafosse<br \/>Rachel Even<br \/>Estelle Meyer<br \/>Marie Molimar<br \/>Jo\u00e9 Stehlin<br \/>Brigitte van der Vlies<\/p>\n<p>[\/et_pb_text][\/et_pb_column][\/et_pb_row][\/et_pb_section][et_pb_section fb_built=&#8221;1&#8243; admin_label=&#8221;Offres d&#8217;emploi et stage&#8221; _builder_version=&#8221;4.17.6&#8243; _module_preset=&#8221;default&#8221; locked=&#8221;off&#8221; collapsed=&#8221;on&#8221; global_colors_info=&#8221;{}&#8221;][et_pb_row column_structure=&#8221;3_5,2_5&#8243; make_equal=&#8221;on&#8221; _builder_version=&#8221;4.27.4&#8243; _module_preset=&#8221;5138c454-be54-4233-bd3b-f8e6a8747976&#8243; custom_padding=&#8221;|||19px||&#8221; global_colors_info=&#8221;{}&#8221;][et_pb_column type=&#8221;3_5&#8243; _builder_version=&#8221;4.27.2&#8243; _module_preset=&#8221;73121f80-a3ef-4484-8763-c3f18e3c56d2&#8243; background_enable_image=&#8221;off&#8221; global_colors_info=&#8221;{}&#8221;][et_pb_heading title=&#8221;Vacatures en stageplaatsen&#8221; _builder_version=&#8221;4.27.2&#8243; _module_preset=&#8221;c33f07d9-41e0-421a-8799-5799df695cce&#8221; locked=&#8221;off&#8221; global_colors_info=&#8221;{%22gcid-heading-color%22:%91%22title_text_color%22,%22title_text_color%22%93}&#8221;][\/et_pb_heading][et_pb_text _builder_version=&#8221;4.27.4&#8243; _module_preset=&#8221;default&#8221; hover_enabled=&#8221;0&#8243; global_colors_info=&#8221;{}&#8221; sticky_enabled=&#8221;0&#8243;]<\/p>\n<h4 class=\"wp-block-heading\">Wij werven docenten Frans<\/h4>\n<p><\/p>\n<p><strong>Profiel docent Frans Alliance Fran\u00e7aise Rotterdam : <\/strong><\/p>\n<p><\/p>\n<ul class=\"wp-block-list\">\n<li>U beschikt over een diploma Frans als vreemde taal (FLE).<\/li>\n<li>Het Frans is uw moedertaal.<\/li>\n<li>U hebt ervaring in het onderwijs.<\/li>\n<li>U bent gemotiveerd om les te geven aan volwassenen en\/of aan kinderen<\/li>\n<li>U bent vertrouwd met nieuwe lesmethodes en staat open voor communicatief en online-onderwijs.<\/li>\n<li>U bent ge\u00efnteresseerd in permanente bijscholing.<\/li>\n<li>U bent bereid te helpen bij de activiteiten van de Alliance Fran\u00e7aise: open dagen, testen, examens, enz.<\/li>\n<li>U werkt graag in teamverband.<\/li>\n<li>U woont in Rotterdam (of omgeving).<\/li>\n<\/ul>\n<p><\/p>\n<p>Denkt u dat u in het profiel past dat we zoeken? Stuur dan een e-mailbericht naar het volgende adres: <a href=\"mailto:direction@alliancerotterdam.nl\">cursus@alliancerotterdam.nl<\/a><\/p>\n<p>[\/et_pb_text][\/et_pb_column][et_pb_column type=&#8221;2_5&#8243; _builder_version=&#8221;4.27.4&#8243; _module_preset=&#8221;73121f80-a3ef-4484-8763-c3f18e3c56d2&#8243; background_enable_image=&#8221;off&#8221; positioning=&#8221;none&#8221; position_origin_a=&#8221;center_right&#8221; position_origin_r=&#8221;bottom_right&#8221; custom_css_main_element=&#8221;margin: auto;&#8221; global_colors_info=&#8221;{}&#8221;][et_pb_image src=&#8221;https:\/\/www.alliancerotterdam.nl\/wp-content\/uploads\/sites\/4\/2024\/11\/OFFRES-DEMPLOI-et-STAGE-VACATURES-VACANCIES-scaled-1.jpg&#8221; title_text=&#8221;OFFRES-DEMPLOI-et-STAGE-VACATURES-VACANCIES-scaled&#8221; _builder_version=&#8221;4.27.4&#8243; _module_preset=&#8221;8249bb47-7bda-4c77-8a37-2a958f7a9826&#8243; position_origin_a=&#8221;top_right&#8221; position_origin_f=&#8221;bottom_right&#8221; width=&#8221;100%&#8221; global_colors_info=&#8221;{}&#8221;][\/et_pb_image][\/et_pb_column][\/et_pb_row][\/et_pb_section]<\/p>\n","protected":false},"excerpt":{"rendered":"<p>+31 (0)10 436 04 21bonjour@alliancerotterdam.nlWestersingel 143014 GN Rotterdam De Alliance Fran\u00e7aise is het hele jaar door geopend, behalve tijdens de twee weken van de kerstvakantie en in de maand augustus. [&hellip;]<\/p>\n","protected":false},"author":1,"featured_media":0,"parent":0,"menu_order":0,"comment_status":"closed","ping_status":"closed","template":"","meta":{"_et_pb_use_builder":"on","_et_pb_old_content":"","_et_gb_content_width":"","footnotes":""},"class_list":["post-28172","page","type-page","status-publish","hentry"],"_links":{"self":[{"href":"https:\/\/www.alliancerotterdam.nl\/nl\/wp-json\/wp\/v2\/pages\/28172","targetHints":{"allow":["GET"]}}],"collection":[{"href":"https:\/\/www.alliancerotterdam.nl\/nl\/wp-json\/wp\/v2\/pages"}],"about":[{"href":"https:\/\/www.alliancerotterdam.nl\/nl\/wp-json\/wp\/v2\/types\/page"}],"author":[{"embeddable":true,"href":"https:\/\/www.alliancerotterdam.nl\/nl\/wp-json\/wp\/v2\/users\/1"}],"replies":[{"embeddable":true,"href":"https:\/\/www.alliancerotterdam.nl\/nl\/wp-json\/wp\/v2\/comments?post=28172"}],"version-history":[{"count":65,"href":"https:\/\/www.alliancerotterdam.nl\/nl\/wp-json\/wp\/v2\/pages\/28172\/revisions"}],"predecessor-version":[{"id":35883,"href":"https:\/\/www.alliancerotterdam.nl\/nl\/wp-json\/wp\/v2\/pages\/28172\/revisions\/35883"}],"wp:attachment":[{"href":"https:\/\/www.alliancerotterdam.nl\/nl\/wp-json\/wp\/v2\/media?parent=28172"}],"curies":[{"name":"wp","href":"https:\/\/api.w.org\/{rel}","templated":true}]}}