{"id":28099,"date":"2024-11-28T13:21:56","date_gmt":"2024-11-28T12:21:56","guid":{"rendered":"https:\/\/dev2.alliancerotterdam.nl\/culturetheque\/"},"modified":"2025-06-17T14:11:48","modified_gmt":"2025-06-17T12:11:48","slug":"culturetheque","status":"publish","type":"page","link":"https:\/\/www.alliancerotterdam.nl\/nl\/bibliotheek\/culturetheque\/","title":{"rendered":"Cultureth\u00e8que"},"content":{"rendered":"<p>[et_pb_section fb_built=&#8221;1&#8243; _builder_version=&#8221;4.27.4&#8243; _module_preset=&#8221;6041d336-eb8a-4da6-8b66-020200a77199&#8243; global_colors_info=&#8221;{}&#8221;][et_pb_row column_structure=&#8221;1_4,3_4&#8243; _builder_version=&#8221;4.27.4&#8243; _module_preset=&#8221;default&#8221; hover_enabled=&#8221;0&#8243; global_colors_info=&#8221;{}&#8221; sticky_enabled=&#8221;0&#8243;][et_pb_column type=&#8221;1_4&#8243; _builder_version=&#8221;4.27.4&#8243; _module_preset=&#8221;default&#8221; global_colors_info=&#8221;{}&#8221;][et_pb_image src=&#8221;https:\/\/www.alliancerotterdam.nl\/wp-content\/uploads\/sites\/4\/2024\/11\/culturetheque_test1.svg&#8221; title_text=&#8221;Cultureth\u00e8que&#8221; align=&#8221;center&#8221; _builder_version=&#8221;4.27.4&#8243; _module_preset=&#8221;default&#8221; hover_enabled=&#8221;0&#8243; global_colors_info=&#8221;{}&#8221; sticky_enabled=&#8221;0&#8243;][\/et_pb_image][\/et_pb_column][et_pb_column type=&#8221;3_4&#8243; _builder_version=&#8221;4.27.4&#8243; _module_preset=&#8221;default&#8221; global_colors_info=&#8221;{}&#8221;][et_pb_text _builder_version=&#8221;4.27.4&#8243; _module_preset=&#8221;0504de1e-f5ff-4281-ba60-cbbe4edf98bc&#8221; global_colors_info=&#8221;{}&#8221;]<\/p>\n<p>De Cultureth\u00e8que is een digitale bibliotheek die in het teken staat van de Franse en Franstalige cultuur.<\/p>\n<p>Het geeft je thuis toegang tot digitale bronnen voor het grote publiek: boeken, audio, video&#8217;s, pers, tijdschriften, muziek, bronnen om de Franse taal te leren, te oefenen of ervan te genieten, enz.<\/p>\n<p>De toegang is gratis en na inschrijving op de m\u00e9diath\u00e8que, beschikt u over een eigen <em>Cultureth\u00e8que<\/em> account (login en wachtwoord). De duur van uw lidmaatschap op <em>Cultureth\u00e8que<\/em> komt overeen met de duur van uw lidmaatschap van de Alliance Fran\u00e7aise Rotterdam. <\/p>\n<p>[\/et_pb_text][\/et_pb_column][\/et_pb_row][\/et_pb_section][et_pb_section fb_built=&#8221;1&#8243; _builder_version=&#8221;4.27.4&#8243; _module_preset=&#8221;8363d3a1-7f13-4aae-8984-26124f93e21c&#8221; global_colors_info=&#8221;{}&#8221;][et_pb_row _builder_version=&#8221;4.27.4&#8243; _module_preset=&#8221;default&#8221; global_colors_info=&#8221;{}&#8221;][et_pb_column type=&#8221;4_4&#8243; _builder_version=&#8221;4.27.4&#8243; _module_preset=&#8221;default&#8221; global_colors_info=&#8221;{}&#8221;][et_pb_video src=&#8221;https:\/\/www.youtube.com\/watch?v=UZUVFdrxb8I&#8221; _builder_version=&#8221;4.27.4&#8243; _module_preset=&#8221;_initial&#8221; box_shadow_style=&#8221;preset1&#8243; global_colors_info=&#8221;{}&#8221;][\/et_pb_video][\/et_pb_column][\/et_pb_row][\/et_pb_section][et_pb_section fb_built=&#8221;1&#8243; _builder_version=&#8221;4.27.4&#8243; _module_preset=&#8221;default&#8221; global_colors_info=&#8221;{}&#8221;][et_pb_row column_structure=&#8221;1_2,1_2&#8243; _builder_version=&#8221;4.27.4&#8243; _module_preset=&#8221;default&#8221; global_colors_info=&#8221;{}&#8221;][et_pb_column type=&#8221;1_2&#8243; _builder_version=&#8221;4.27.4&#8243; _module_preset=&#8221;default&#8221; global_colors_info=&#8221;{}&#8221;][et_pb_text _builder_version=&#8221;4.27.4&#8243; _module_preset=&#8221;default&#8221; global_colors_info=&#8221;{}&#8221;]<\/p>\n<h3 class=\"wp-block-heading\">Gebruiksaanwijzing<\/h3>\n<p>Als lid van de bibliotheek en\/of cursist van de Alliance Fran\u00e7aise Rotterdam kunnen gratis toegang krijgen tot dit platform door simpelweg <strong>hun persoonlijke gegevens in te vullen en de Alliance Fran\u00e7aise Rotterdam als hun referentie-instelling te kiezen.<\/strong> <\/p>\n<p>&nbsp;<\/p>\n<ul class=\"wp-block-list\">\n<ul class=\"wp-block-list\">\n<li>Schrijf u online in door het <a href=\"https:\/\/www.culturetheque.com\/EXPLOITATION\/NLD\/register.aspx\" target=\"_blank\" rel=\"noreferrer noopener\">inschrijfformulier<\/a> in te vullen.<\/li>\n<\/ul>\n<\/ul>\n<p>[\/et_pb_text][\/et_pb_column][et_pb_column type=&#8221;1_2&#8243; _builder_version=&#8221;4.27.4&#8243; _module_preset=&#8221;default&#8221; global_colors_info=&#8221;{}&#8221;][et_pb_text _builder_version=&#8221;4.27.4&#8243; _module_preset=&#8221;default&#8221; global_colors_info=&#8221;{}&#8221;]<\/p>\n<h3 class=\"wp-block-heading\">Wilt u de Cultureth\u00e8que uitproberen?<\/h3>\n<p>U kunt altijd een proefabonnement nemen. Daarvoor hoeft u geen lid te zijn van de bibliotheek.<\/p>\n<p>&nbsp;<\/p>\n<ul class=\"wp-block-list\">\n<li>Ga naar de startpagina van de Cultureth\u00e8que. Klik op de button \u201cConnexion\u201d en daarna op de link \u201cInscrivez-vous\u201d.<\/li>\n<li>Met een proefabonnement krijgt u gedurende drie weken toegang tot het platform. Het abonnement stopt automatisch, tenzij u tussentijds lid van de bibliotheek bent geworden. <\/li>\n<\/ul>\n<p>[\/et_pb_text][\/et_pb_column][\/et_pb_row][\/et_pb_section][et_pb_section fb_built=&#8221;1&#8243; custom_padding_last_edited=&#8221;on|phone&#8221; admin_label=&#8221;Membre&#8221; _builder_version=&#8221;4.27.4&#8243; _module_preset=&#8221;default&#8221; use_background_color_gradient=&#8221;on&#8221; background_color_gradient_stops=&#8221;#ffffff 60%|gcid-primary-color 60%&#8221; display_conditions=&#8221;W10=&#8221; custom_margin=&#8221;|0px||0px|false|true&#8221; custom_padding=&#8221;||0px||false|true&#8221; custom_padding_tablet=&#8221;||0px||false|true&#8221; custom_padding_phone=&#8221;|0px||0px|false|true&#8221; global_module=&#8221;20309&#8243; locked=&#8221;off&#8221; collapsed=&#8221;off&#8221; global_colors_info=&#8221;{%22gcid-primary-color%22:%91%22background_color_gradient_stops%22%93}&#8221;][et_pb_row _builder_version=&#8221;4.18.0&#8243; _module_preset=&#8221;5138c454-be54-4233-bd3b-f8e6a8747976&#8243; global_colors_info=&#8221;{}&#8221;][et_pb_column type=&#8221;4_4&#8243; _builder_version=&#8221;4.17.6&#8243; _module_preset=&#8221;73121f80-a3ef-4484-8763-c3f18e3c56d2&#8243; global_colors_info=&#8221;{}&#8221;][et_pb_cta title=&#8221;Word lid voor nog meer voordeel!&#8221; button_url=&#8221;@ET-DC@eyJkeW5hbWljIjp0cnVlLCJjb250ZW50IjoicG9zdF9saW5rX3VybF9wcm9kdWN0Iiwic2V0dGluZ3MiOnsicG9zdF9pZCI6IjE5NzE5IiwiZW5hYmxlX2h0bWwiOiJvZmYifX0=@&#8221; button_text=&#8221;Lid worden&#8221; _builder_version=&#8221;4.27.4&#8243; _dynamic_attributes=&#8221;button_url&#8221; _module_preset=&#8221;be0cc754-576a-4b1c-868d-f6226f85de4d&#8221; header_text_align=&#8221;left&#8221; body_text_align=&#8221;left&#8221; button_alignment=&#8221;left&#8221; display_conditions=&#8221;W3siaWQiOiI2ZTFlYzBlZC0wNDA4LTQ2MGEtOTk1OS01YzJmNjQwZmE2MzAiLCJjb25kaXRpb24iOiJwb3N0VHlwZSIsImNvbmRpdGlvblNldHRpbmdzIjp7ImRpc3BsYXlSdWxlIjoiaXNOb3QiLCJwb3N0VHlwZXMiOlt7ImxhYmVsIjoiUHJvZHVpdHMiLCJ2YWx1ZSI6InByb2R1Y3QifV0sImFkbWluTGFiZWwiOiJQb3N0IFR5cGUiLCJlbmFibGVDb25kaXRpb24iOiJvbiJ9LCJvcGVyYXRvciI6Ik9SIn1d&#8221; custom_margin=&#8221;|0px||0px|false|true&#8221; custom_padding=&#8221;||||false|true&#8221; locked=&#8221;off&#8221; global_colors_info=&#8221;{%22gcid-828accbb-1ed2-407d-95be-20ab4e191566%22:%91%22border_color_all%22,%22border_color_all%22%93,%22gcid-heading-color%22:%91%22header_text_color%22,%22header_text_color%22%93,%22gcid-body-color%22:%91%22body_text_color%22,%22body_text_color%22%93,%22gcid-f2943306-fa6c-45f0-b632-5fc00151366a%22:%91%22button_text_color%22,%22button_text_color%22,%22button_text_color%22,%22button_text_color%22%93,%22gcid-36fd78a7-34bc-404d-873c-dafa34efaae5%22:%91%22button_text_color%22,%22button_text_color%22,%22button_text_color%22,%22button_text_color%22,%22button_text_color%22,%22button_text_color%22%93}&#8221; text_font_size_tablet=&#8221;16px&#8221; text_font_size_phone=&#8221;14px&#8221; text_font_size_last_edited=&#8221;on|phone&#8221;]<\/p>\n<p><strong>Als lid van de Alliance Fran\u00e7aise profiteert u van de volgende voordelen:<br \/><\/strong><\/p>\n<ul>\n<li>Toegang tot onze Franse bibliotheek met honderden Franse romans, stripboeken en jeugdboeken;<\/li>\n<li>Toegang tot het platform <a href=\"https:\/\/www.alliancerotterdam.nl\/nl\/bibliotheek\/culturetheque\/\">Cultureth\u00e8que ;<\/a><\/li>\n<li>Korting op onze culturele evenementen;<\/li>\n<li>Korting op bioscoopkaartjes bij <a href=\"https:\/\/www.lantarenvenster.nl\/\">LantarenVenster;<\/a><\/li>\n<li>Voor onze abonnees biedt <a href=\"https:\/\/mkaofficial.com\/\">MKA Muziekschool<\/a> 20% korting op hun cursusaanbod.<\/li>\n<li>\n<div><span lang=\"FR\">Breid uw Franstalige netwerk in Rotterdam uit.<\/span><\/div>\n<\/li>\n<\/ul>\n<p>[\/et_pb_cta][et_pb_contact_form captcha=&#8221;off&#8221; email=&#8221;bonjour@alliancerotterdam.nl&#8221; title=&#8221;Neem contact met ons op&#8221; _builder_version=&#8221;4.27.4&#8243; _module_preset=&#8221;default&#8221; _unique_id=&#8221;a4777639-c576-4404-a17c-01a433f0bcf0&#8243; title_level=&#8221;h3&#8243; title_text_align=&#8221;left&#8221; title_font_size=&#8221;32px&#8221; width=&#8221;100%&#8221; display_conditions=&#8221;W3siaWQiOiI2ZGNmMGFiYy1iYjQ2LTRlYTgtOTM5NC05ZDViNDkxNTIzZmUiLCJjb25kaXRpb24iOiJwb3N0VHlwZSIsImNvbmRpdGlvblNldHRpbmdzIjp7ImRpc3BsYXlSdWxlIjoiaXMiLCJwb3N0VHlwZXMiOlt7ImxhYmVsIjoiUHJvZHVpdHMiLCJ2YWx1ZSI6InByb2R1Y3QifV0sImFkbWluTGFiZWwiOiJQb3N0IFR5cGUiLCJlbmFibGVDb25kaXRpb24iOiJvbiJ9LCJvcGVyYXRvciI6Ik9SIn1d&#8221; custom_margin=&#8221;30px||||false|false&#8221; title_font_size_tablet=&#8221;32px&#8221; title_font_size_phone=&#8221;24px&#8221; title_font_size_last_edited=&#8221;on|phone&#8221; custom_css_free_form=&#8221;selector {||  background-color: white;||  border-radius: 6px;||  border-width: 2px;||  border-style: solid;||  border-color: rgba(0, 0, 0, 0.08);||  margin-top: 30px;||  padding: 30px;||\toverflow: hidden;||}&#8221; locked=&#8221;off&#8221; global_colors_info=&#8221;{%22gcid-828accbb-1ed2-407d-95be-20ab4e191566%22:%91%22border_color_all%22,%22border_color_all%22%93,%22gcid-heading-color%22:%91%22header_text_color%22,%22header_text_color%22%93,%22gcid-body-color%22:%91%22body_text_color%22,%22body_text_color%22%93,%22gcid-f2943306-fa6c-45f0-b632-5fc00151366a%22:%91%22button_text_color%22,%22button_text_color%22,%22button_text_color%22,%22button_text_color%22%93,%22gcid-36fd78a7-34bc-404d-873c-dafa34efaae5%22:%91%22button_text_color%22,%22button_text_color%22,%22button_text_color%22,%22button_text_color%22,%22button_text_color%22,%22button_text_color%22%93}&#8221;][et_pb_contact_field field_id=&#8221;Name&#8221; field_title=&#8221;Naam&#8221; fullwidth_field=&#8221;on&#8221; _builder_version=&#8221;4.27.4&#8243; global_colors_info=&#8221;{}&#8221; button_text_size__hover_enabled=&#8221;off&#8221; button_one_text_size__hover_enabled=&#8221;off&#8221; button_two_text_size__hover_enabled=&#8221;off&#8221; button_text_color__hover_enabled=&#8221;off&#8221; button_one_text_color__hover_enabled=&#8221;off&#8221; button_two_text_color__hover_enabled=&#8221;off&#8221; button_border_width__hover_enabled=&#8221;off&#8221; button_one_border_width__hover_enabled=&#8221;off&#8221; button_two_border_width__hover_enabled=&#8221;off&#8221; button_border_color__hover_enabled=&#8221;off&#8221; button_one_border_color__hover_enabled=&#8221;off&#8221; button_two_border_color__hover_enabled=&#8221;off&#8221; button_border_radius__hover_enabled=&#8221;off&#8221; button_one_border_radius__hover_enabled=&#8221;off&#8221; button_two_border_radius__hover_enabled=&#8221;off&#8221; button_letter_spacing__hover_enabled=&#8221;off&#8221; button_one_letter_spacing__hover_enabled=&#8221;off&#8221; button_two_letter_spacing__hover_enabled=&#8221;off&#8221; button_bg_color__hover_enabled=&#8221;off&#8221; button_one_bg_color__hover_enabled=&#8221;off&#8221; button_two_bg_color__hover_enabled=&#8221;off&#8221;][\/et_pb_contact_field][et_pb_contact_field field_id=&#8221;Email&#8221; field_title=&#8221;E-mailadres&#8221; field_type=&#8221;email&#8221; fullwidth_field=&#8221;on&#8221; _builder_version=&#8221;4.27.4&#8243; global_colors_info=&#8221;{}&#8221; button_text_size__hover_enabled=&#8221;off&#8221; button_one_text_size__hover_enabled=&#8221;off&#8221; button_two_text_size__hover_enabled=&#8221;off&#8221; button_text_color__hover_enabled=&#8221;off&#8221; button_one_text_color__hover_enabled=&#8221;off&#8221; button_two_text_color__hover_enabled=&#8221;off&#8221; button_border_width__hover_enabled=&#8221;off&#8221; button_one_border_width__hover_enabled=&#8221;off&#8221; button_two_border_width__hover_enabled=&#8221;off&#8221; button_border_color__hover_enabled=&#8221;off&#8221; button_one_border_color__hover_enabled=&#8221;off&#8221; button_two_border_color__hover_enabled=&#8221;off&#8221; button_border_radius__hover_enabled=&#8221;off&#8221; button_one_border_radius__hover_enabled=&#8221;off&#8221; button_two_border_radius__hover_enabled=&#8221;off&#8221; button_letter_spacing__hover_enabled=&#8221;off&#8221; button_one_letter_spacing__hover_enabled=&#8221;off&#8221; button_two_letter_spacing__hover_enabled=&#8221;off&#8221; button_bg_color__hover_enabled=&#8221;off&#8221; button_one_bg_color__hover_enabled=&#8221;off&#8221; button_two_bg_color__hover_enabled=&#8221;off&#8221;][\/et_pb_contact_field][et_pb_contact_field field_id=&#8221;Message&#8221; field_title=&#8221;Bericht&#8221; field_type=&#8221;text&#8221; fullwidth_field=&#8221;on&#8221; _builder_version=&#8221;4.16&#8243; global_colors_info=&#8221;{}&#8221; button_text_size__hover_enabled=&#8221;off&#8221; button_one_text_size__hover_enabled=&#8221;off&#8221; button_two_text_size__hover_enabled=&#8221;off&#8221; button_text_color__hover_enabled=&#8221;off&#8221; button_one_text_color__hover_enabled=&#8221;off&#8221; button_two_text_color__hover_enabled=&#8221;off&#8221; button_border_width__hover_enabled=&#8221;off&#8221; button_one_border_width__hover_enabled=&#8221;off&#8221; button_two_border_width__hover_enabled=&#8221;off&#8221; button_border_color__hover_enabled=&#8221;off&#8221; button_one_border_color__hover_enabled=&#8221;off&#8221; button_two_border_color__hover_enabled=&#8221;off&#8221; button_border_radius__hover_enabled=&#8221;off&#8221; button_one_border_radius__hover_enabled=&#8221;off&#8221; button_two_border_radius__hover_enabled=&#8221;off&#8221; button_letter_spacing__hover_enabled=&#8221;off&#8221; button_one_letter_spacing__hover_enabled=&#8221;off&#8221; button_two_letter_spacing__hover_enabled=&#8221;off&#8221; button_bg_color__hover_enabled=&#8221;off&#8221; button_one_bg_color__hover_enabled=&#8221;off&#8221; button_two_bg_color__hover_enabled=&#8221;off&#8221;][\/et_pb_contact_field][\/et_pb_contact_form][\/et_pb_column][\/et_pb_row][\/et_pb_section]<\/p>\n","protected":false},"excerpt":{"rendered":"<p>De Cultureth\u00e8que is een digitale bibliotheek die in het teken staat van de Franse en Franstalige cultuur. Het geeft je thuis toegang tot digitale bronnen voor het grote publiek: boeken, [&hellip;]<\/p>\n","protected":false},"author":1,"featured_media":0,"parent":28102,"menu_order":0,"comment_status":"closed","ping_status":"closed","template":"","meta":{"_et_pb_use_builder":"on","_et_pb_old_content":"","_et_gb_content_width":"","footnotes":""},"class_list":["post-28099","page","type-page","status-publish","hentry"],"_links":{"self":[{"href":"https:\/\/www.alliancerotterdam.nl\/nl\/wp-json\/wp\/v2\/pages\/28099","targetHints":{"allow":["GET"]}}],"collection":[{"href":"https:\/\/www.alliancerotterdam.nl\/nl\/wp-json\/wp\/v2\/pages"}],"about":[{"href":"https:\/\/www.alliancerotterdam.nl\/nl\/wp-json\/wp\/v2\/types\/page"}],"author":[{"embeddable":true,"href":"https:\/\/www.alliancerotterdam.nl\/nl\/wp-json\/wp\/v2\/users\/1"}],"replies":[{"embeddable":true,"href":"https:\/\/www.alliancerotterdam.nl\/nl\/wp-json\/wp\/v2\/comments?post=28099"}],"version-history":[{"count":8,"href":"https:\/\/www.alliancerotterdam.nl\/nl\/wp-json\/wp\/v2\/pages\/28099\/revisions"}],"predecessor-version":[{"id":31818,"href":"https:\/\/www.alliancerotterdam.nl\/nl\/wp-json\/wp\/v2\/pages\/28099\/revisions\/31818"}],"up":[{"embeddable":true,"href":"https:\/\/www.alliancerotterdam.nl\/nl\/wp-json\/wp\/v2\/pages\/28102"}],"wp:attachment":[{"href":"https:\/\/www.alliancerotterdam.nl\/nl\/wp-json\/wp\/v2\/media?parent=28099"}],"curies":[{"name":"wp","href":"https:\/\/api.w.org\/{rel}","templated":true}]}}