{"id":34836,"date":"2025-11-28T16:39:27","date_gmt":"2025-11-28T15:39:27","guid":{"rendered":"https:\/\/www.alliancerotterdam.nl\/produit\/34836\/"},"modified":"2026-01-08T17:36:46","modified_gmt":"2026-01-08T16:36:46","slug":"34836","status":"publish","type":"product","link":"http:\/\/www.alliancerotterdam.nl\/nl\/product\/34836\/","title":{"rendered":"TEF"},"content":{"rendered":"<p data-start=\"51\" data-end=\"384\">De Test d\u2019\u00c9valuation de Fran\u00e7ais (TEF) is een internationaal erkende test die uw niveau van schriftelijk en mondeling Frans meet. De test wordt gebruikt voor verblijfs- en naturalisatieaanvragen, immigratie naar Canada, en studiemobiliteit. Het TEF levert een certificaat op dat twee jaar geldig is vanaf de datum van de test.<\/p>\n<p data-start=\"386\" data-end=\"614\" data-is-only-node=\"\">Let op: er geldt een wachttijd van 20 dagen tussen twee pogingen van hetzelfde TEF-examen, ongeacht de versie. Als u zich voor twee examenzittingen binnen deze periode inschrijft, wordt uw tweede inschrijving geannuleerd.<\/p>\n<p data-start=\"386\" data-end=\"614\" data-is-only-node=\"\">\u00a0<\/p>\n<p data-start=\"386\" data-end=\"614\" data-is-only-node=\"\">\u00a0<\/p>\n<h1 data-start=\"51\" data-end=\"97\">Het TEF is beschikbaar in vier versies:<\/h1>\n<p>&nbsp;<\/p>\n<p>&nbsp;<\/p>\n<h2>TEF voor studies \/ \u00c9tudes<\/h2>\n<p>Wilt u zich inschrijven aan een school of universiteit in Frankrijk of een ander Franstalig land? De test stelt u in staat uw Franse taalvaardigheden aan te tonen via 5 keuzeonderdelen, afhankelijk van uw studiemobiliteitsproject. Informeer rechtstreeks bij de instelling waar u wilt studeren welke TEF-onderdelen vereist zijn en welk niveau wordt verwacht.<\/p>\n<article class=\"text-token-text-primary w-full focus:outline-none [--shadow-height:45px] has-data-writing-block:pointer-events-none has-data-writing-block:-mt-(--shadow-height) has-data-writing-block:pt-(--shadow-height) [&amp;:has([data-writing-block])&gt;*]:pointer-events-auto scroll-mt-[calc(var(--header-height)+min(200px,max(70px,20svh)))]\" dir=\"auto\" data-turn-id=\"request-WEB:ec8a2062-d064-430e-b8d6-386c0ebc2d83-26\" data-testid=\"conversation-turn-54\" data-scroll-anchor=\"false\" data-turn=\"assistant\">\n<div class=\"text-base my-auto mx-auto [--thread-content-margin:--spacing(4)] @w-sm\/main:[--thread-content-margin:--spacing(6)] @w-lg\/main:[--thread-content-margin:--spacing(16)] px-(--thread-content-margin)\">\n<div class=\"[--thread-content-max-width:40rem] @w-lg\/main:[--thread-content-max-width:48rem] mx-auto max-w-(--thread-content-max-width) flex-1 group\/turn-messages focus-visible:outline-hidden relative flex w-full min-w-0 flex-col agent-turn\">\n<div class=\"flex max-w-full flex-col grow\">\n<div class=\"min-h-8 text-message relative flex w-full flex-col items-end gap-2 text-start break-words whitespace-normal [.text-message+&amp;]:mt-1\" dir=\"auto\" data-message-author-role=\"assistant\" data-message-id=\"f4087bf5-0172-453e-ba7b-f2a45e089cd0\" data-message-model-slug=\"gpt-5-mini\">\n<div class=\"flex w-full flex-col gap-1 empty:hidden first:pt-[1px]\">\n<div class=\"markdown prose dark:prose-invert w-full break-words light markdown-new-styling\">\n<p data-start=\"337\" data-end=\"564\" data-is-last-node=\"\" data-is-only-node=\"\">Geef bij uw aankoop alstublieft het aantal modules aan dat u wilt afleggen. U kunt ons daarna precies doorgeven welke onderdelen u wilt valideren (Leesbegrip, Luisterbegrip, Schrijven, Spreken, Woordenschat en Structuur).<\/p>\n<p data-start=\"337\" data-end=\"564\" data-is-last-node=\"\" data-is-only-node=\"\"><a href=\"https:\/\/www.lefrancaisdesaffaires.fr\/en\/candidate\/test-evaluation-francais\/tef-etudes\/presentation\/\" target=\"_blank\" rel=\"noopener\">Meer weten over het TEF \u00c9tudes<\/a><\/p>\n<\/div>\n<\/div>\n<\/div>\n<p data-start=\"337\" data-end=\"564\" data-is-last-node=\"\" data-is-only-node=\"\">\u00a0<\/p>\n<div class=\"min-h-8 text-message relative flex w-full flex-col items-end gap-2 text-start break-words whitespace-normal [.text-message+&amp;]:mt-1\" dir=\"auto\" data-message-author-role=\"assistant\" data-message-id=\"f4087bf5-0172-453e-ba7b-f2a45e089cd0\" data-message-model-slug=\"gpt-5-mini\">\n<p data-start=\"337\" data-end=\"564\">\u00a0<\/p>\n<h2 data-start=\"337\" data-end=\"564\">TEF Qu\u00e9bec\u00a0<\/h2>\n<\/div>\n<p data-start=\"337\" data-end=\"564\" data-is-last-node=\"\" data-is-only-node=\"\">De Test d\u2019\u00c9valuation de Fran\u00e7ais aangepast voor Qu\u00e9bec (TEFAQ) is de versie van de TEF die door het Ministerie van Immigratie, Francisatie en Integratie (MIFI) van Qu\u00e9bec wordt vereist bij een offici\u00eble immigratieaanvraag. Het TEFAQ levert een certificaat van resultaten op dat twee jaar geldig is.<\/p>\n<p data-start=\"337\" data-end=\"564\" data-is-last-node=\"\" data-is-only-node=\"\">Het TEF Qu\u00e9bec bestaat uit 4 modulaire onderdelen. Geef bij uw aankoop alstublieft het aantal modules aan dat u wilt afleggen. U kunt ons daarna precies doorgeven welke onderdelen u wilt valideren (Leesbegrip, Luisterbegrip, Schrijven, Spreken).<\/p>\n<p data-start=\"337\" data-end=\"564\" data-is-last-node=\"\" data-is-only-node=\"\"><a href=\"https:\/\/www.lefrancaisdesaffaires.fr\/en\/candidate\/test-evaluation-francais\/tef-quebec\/presentation\/\" target=\"_blank\" rel=\"noopener\">Meer weten over het TEF Qu\u00e9bec<\/a><\/p>\n<\/div>\n<\/div>\n<\/div>\n<p data-start=\"337\" data-end=\"564\" data-is-last-node=\"\" data-is-only-node=\"\">\u00a0<\/p>\n<div class=\"text-base my-auto mx-auto [--thread-content-margin:--spacing(4)] @w-sm\/main:[--thread-content-margin:--spacing(6)] @w-lg\/main:[--thread-content-margin:--spacing(16)] px-(--thread-content-margin)\">\n<div class=\"[--thread-content-max-width:40rem] @w-lg\/main:[--thread-content-max-width:48rem] mx-auto max-w-(--thread-content-max-width) flex-1 group\/turn-messages focus-visible:outline-hidden relative flex w-full min-w-0 flex-col agent-turn\">\n<p data-start=\"337\" data-end=\"564\" data-is-last-node=\"\" data-is-only-node=\"\">\u00a0<\/p>\n<h2 data-start=\"337\" data-end=\"564\">TEF Canada<\/h2>\n<p>De TEF Canada is een verplichte test in het kader van economische immigratieprogramma\u2019s die bewijs van taalvaardigheid vereisen, op verzoek van Citizenship and Immigration Canada.<\/p>\n<p><a href=\"https:\/\/www.lefrancaisdesaffaires.fr\/en\/candidate\/test-evaluation-francais\/tef-canada\/presentation\/\" target=\"_blank\" rel=\"noopener\">Meer weten over het TEF Canada<\/a><\/p>\n<\/div>\n<\/div>\n<\/article>\n<p data-start=\"51\" data-end=\"470\">\u00a0<\/p>\n<article class=\"text-token-text-primary w-full focus:outline-none [--shadow-height:45px] has-data-writing-block:pointer-events-none has-data-writing-block:-mt-(--shadow-height) has-data-writing-block:pt-(--shadow-height) [&amp;:has([data-writing-block])&gt;*]:pointer-events-auto scroll-mt-[calc(var(--header-height)+min(200px,max(70px,20svh)))]\" dir=\"auto\" data-turn-id=\"request-WEB:ec8a2062-d064-430e-b8d6-386c0ebc2d83-26\" data-testid=\"conversation-turn-54\" data-scroll-anchor=\"false\" data-turn=\"assistant\">\n<p data-start=\"51\" data-end=\"470\">\u00a0<\/p>\n<h2 data-start=\"51\" data-end=\"470\">TEF Integratie, Verblijf en Nationaliteit (IRN)<\/h2>\n<p>De TEF Integratie, Verblijf en Nationaliteit (TEF IRN) is ontworpen voor elke buitenlandse burger van 16 jaar en ouder die zijn of haar Franse taalvaardigheid wil laten valideren voor een aanvraag voor het Franse staatsburgerschap, een aanvraag voor een langdurig verblijfsvergunning, of de validatie van niveau A1 als onderdeel van het OFII-burgerschapsprogramma.\u00a0<\/p>\n<p><a href=\"https:\/\/www.lefrancaisdesaffaires.fr\/en\/candidate\/test-evaluation-francais\/tef-irn\/presentation\/\" target=\"_blank\" rel=\"noopener\">Meer weten over het TEF IRN<\/a><\/p>\n<\/article>\n","protected":false},"excerpt":{"rendered":"<p>De Test d\u2019\u00c9valuation de Fran\u00e7ais (TEF) is een internationaal erkende test die uw niveau van schriftelijk en mondeling Frans meet. De test wordt gebruikt voor verblijfs- en naturalisatieaanvragen, immigratie naar [&hellip;]<\/p>\n","protected":false},"featured_media":34835,"template":"","meta":{"_et_pb_use_builder":"","_et_pb_old_content":"","_et_gb_content_width":""},"product_cat":[426],"product_tag":[],"class_list":{"0":"post-34836","1":"product","2":"type-product","3":"status-publish","4":"has-post-thumbnail","6":"product_cat-certificaten","8":"first","9":"instock","10":"sold-individually","11":"shipping-taxable","12":"purchasable","13":"product-type-variable"},"_links":{"self":[{"href":"http:\/\/www.alliancerotterdam.nl\/nl\/wp-json\/wp\/v2\/product\/34836","targetHints":{"allow":["GET"]}}],"collection":[{"href":"http:\/\/www.alliancerotterdam.nl\/nl\/wp-json\/wp\/v2\/product"}],"about":[{"href":"http:\/\/www.alliancerotterdam.nl\/nl\/wp-json\/wp\/v2\/types\/product"}],"wp:featuredmedia":[{"embeddable":true,"href":"http:\/\/www.alliancerotterdam.nl\/nl\/wp-json\/wp\/v2\/media\/34835"}],"wp:attachment":[{"href":"http:\/\/www.alliancerotterdam.nl\/nl\/wp-json\/wp\/v2\/media?parent=34836"}],"wp:term":[{"taxonomy":"product_cat","embeddable":true,"href":"http:\/\/www.alliancerotterdam.nl\/nl\/wp-json\/wp\/v2\/product_cat?post=34836"},{"taxonomy":"product_tag","embeddable":true,"href":"http:\/\/www.alliancerotterdam.nl\/nl\/wp-json\/wp\/v2\/product_tag?post=34836"}],"curies":[{"name":"wp","href":"https:\/\/api.w.org\/{rel}","templated":true}]}}