{"id":29514,"date":"2024-11-25T16:08:04","date_gmt":"2024-11-25T15:08:04","guid":{"rendered":"https:\/\/dev2.alliancerotterdam.nl\/produit\/delf-dalf-voorbereidingscursus\/"},"modified":"2025-11-06T12:31:47","modified_gmt":"2025-11-06T11:31:47","slug":"delf-dalf-voorbereidingscursus","status":"publish","type":"product","link":"http:\/\/www.alliancerotterdam.nl\/nl\/product\/delf-dalf-voorbereidingscursus\/","title":{"rendered":"Cursussen examenvoorbereiding"},"content":{"rendered":"<p class=\"has-text-align-justify\">Deze cursus bereidt studenten voor op de offici\u00eble examens Frans. <strong>We bieden een cursus voor de niveaus A2 tot C2<\/strong> van het Common European Framework of Reference for Languages (CEFR). De examens worden verlengd door het Franse Ministerie van Onderwijs en de certificaten worden internationaal erkend.<\/p>\n<p>Elk examen toetst de volgende taalvaardigheden: <strong>luisteren, spreken, schrijven en lezen<\/strong>. Tijdens een cursus werkt u aan deze 4 competenties. Van uw docent ontvangt u nuttige tips en adviezen om u voor te bereiden op het examen. Er wordt extra aandacht besteed aan spreek- en schrijfvaardigheid. De volgende DELF-sessie vindt plaats van<strong> 9 tot 6 maart 2026<\/strong>, dus zorg dat je kans maakt door je in te schrijven voor de voorbereidende cursussen!<\/p>\n<hr \/>\n<p>* <strong>De cursusprijs is exclusief het examen en het cursusmateriaal<\/strong>.<\/p>\n<h3>ROOSTER GROEPSCURSUSSEN<\/h3>\n<p>De data volgen nog.<\/p>\n<h3 class=\"wp-block-heading\">PRIV\u00c9LESSEN<\/h3>\n<p>6 uur voorbereidingslessen voor DELF\/DALF \u27a1\ufe0f 3 lessen van 2 uur + examen oefenen en correctie <strong>Tarieven priv\u00e9lessen <\/strong><\/p>\n<figure class=\"wp-block-table simple-table\">\n<table>\n<tbody>\n<tr>\n<td>A1\/A2<\/td>\n<td>\u20ac 449<\/td>\n<\/tr>\n<tr>\n<td>B1\/B2<\/td>\n<td>\u20ac 469<\/td>\n<\/tr>\n<tr>\n<td>C1\/C2<\/td>\n<td>\u20ac 499<\/td>\n<\/tr>\n<\/tbody>\n<\/table>\n<\/figure>\n<p><em>Liever priv\u00e9les? Neem contact op met de cursusleiders op <a href=\"mailto:cursus@alliancerotterdam.nl\" target=\"_blank\" rel=\"noreferrer noopener\">cursus@alliancerotterdam.nl<\/a> ! <\/em><\/p>\n<h3 class=\"wp-block-heading\">NIVEAUTEST EN REGISTRATIE<\/h3>\n<p>Weet je wat je niveau is? Je kunt je direct inschrijven door het <a href=\"https:\/\/inscrire.hanaf.net\/rotterdam.php\" data-type=\"URL\" data-id=\"https:\/\/inscrire.hanaf.net\/rotterdam.php\">online inschrijfformulier<\/a> in te vullen. Als je niet zeker bent van je niveau, kun je <a href=\"https:\/\/www.alliancerotterdam.nl\/sinscrire\/test-de-positionnement\/\" data-type=\"URL\" data-id=\"https:\/\/www.alliancerotterdam.nl\/sinscrire\/test-de-positionnement\/\">hier <\/a>een niveautest doen.<\/p>\n<h3>Kies voor E-learning met GlobalExam<\/h3>\n<p>Bereid je voor op het DALF &#8211; DELF &#8211; TCF op een deskundig taalcertificeringsplatform dankzij online voorbereiding op maat. <a href=\"https:\/\/dev2.alliancerotterdam.nl\/produit\/cours-en-ligne\/\"><strong>GlobalExam <\/strong><\/a>helpt je bij je voorbereiding met een cursus op maat, aangepast aan je scoredoel en je examendatum.<\/p>\n<h3 class=\"wp-block-heading\">ZE DE CURSUS VOLGDEN:<\/h3>\n<p><strong>Diana : <\/strong><em>\u201cNa het volgen van de DELF B1 voorbereidingscursus wist ik beter wat ik kon verwachten voor het examen en voelde ik me zelfverzekerder. We kregen erg nuttige instructies en oefenden elke les met luisteren, schrijven en spreken. Ik hoop dat ik geslaagd ben voor het examen. Ik werk als secretaresse voor het ministerie van Buitenlandse Zaken en Frans kennen is erg nuttig. Het geeft me een betere kans om naar een ambassade in een Franstalig land gestuurd te worden. Ik ben erg blij omdat onze leraar, Niv, ons heel duidelijke uitleg gaf en ik wil hem bedanken voor zijn begrijpelijke uitleg en vooral voor zijn optimisme. Hij gaf ons de hele tijd moed.<\/em> <strong>Irene : <\/strong><em>\u00ab Het was een last-minute besluit, me inschrijven voor de B1 cursus en het tentamen. Ik las een paar dagen voor de deadline op de website van de Alliance Fran\u00e7aise over deze mogelijkheid en besloot er gewoon voor te gaan. Een keuze waar ik alles behalve spijt van heb. <\/em> <em>De cursus was intensief maar vooral ontzettend leuk. Met zijn enthousiasme, duidelijke uitleg en slimme trucs heeft Niv ons in rap tempo klaargestoomd voor het examen. Zonder hem was het nooit gelukt! <\/em> <em>Met dit diploma gaat het een stuk gemakkelijker worden een baan in een Franstalig land te vinden, iets wat ik in de toekomst nog eens hoop te doen.\u00bb<\/em> <strong>Charlotte : <\/strong><em>\u00ab Studeren in Parijs is altijd al een droom voor mij geweest, maar om deze droom werkelijkheid te laten worden is het noodzakelijk om de Franse taal te beheersen op B2-niveau. Het behalen van een DELF-diploma biedt uitkomst en de voorbereidingscursus van de Alliance Fran\u00e7aise helpt je bij het succesvol afronden van het examen. <\/em> <em>De voorbereidingscursus is een zeer gerichte cursus, die je binnen vijf weken klaarstoomt voor het examen. Je leert hoe de examens in elkaar zitten en op welke manier de vraagstellingen werken. Dit alles onder de enthousiaste en deskundige begeleiding van Niv Schvartz, zonder hem en de gedreven medecursisten zou het mij niet gelukt zijn te slagen voor het examen. \u00bb<\/em><\/p>\n","protected":false},"excerpt":{"rendered":"<p>Bereid je voor op offici\u00eble examens Frans met onze gespecialiseerde cursussen.<\/p>\n","protected":false},"featured_media":30179,"template":"","meta":{"_et_pb_use_builder":"off","_et_pb_old_content":"<p class=\"has-text-align-justify\">Deze cursus bereidt studenten voor op het offici\u00eble examen DELF (Dipl\u00f4me d\u2019Etudes en Langue Fran\u00e7aise) en DALF (Dipl\u00f4me Approfondi de Langue Fran\u00e7aise). <strong>Wij geven cursussen op A2- tot C2-niveau<\/strong>. Meer informatie over de examens vindt u klik <a href=\"https:\/\/www.alliancerotterdam.nl\/certifications-3__trashed\/delfdalf\/\" target=\"_blank\" rel=\"noreferrer noopener\">hier<\/a>.  <\/p>\r\nElk examen toetst de volgende taalvaardigheden: <strong>luisteren, spreken, schrijven en lezen<\/strong>. Tijdens een cursus werkt u aan deze 4 competenties. Van uw docent ontvangt u nuttige tips en adviezen om u voor te bereiden op het examen. Er wordt extra aandacht besteed aan spreek- en schrijfvaardigheid.  \r\n\r\nDe volgende DELF-examens vinden plaats van <strong>10 tot en met 14 maart 2025<\/strong>. Wilt u er alles aan doen om te slagen? Vergroot uw slagingskans en schrijf u in voor een voorbereidingscursus!","_et_gb_content_width":""},"product_cat":[408,513],"product_tag":[],"class_list":{"0":"post-29514","1":"product","2":"type-product","3":"status-publish","4":"has-post-thumbnail","6":"product_cat-cours-nl","7":"product_cat-tp-nl","9":"first","10":"instock","11":"sold-individually","12":"shipping-taxable","13":"purchasable","14":"product-type-variable"},"_links":{"self":[{"href":"http:\/\/www.alliancerotterdam.nl\/nl\/wp-json\/wp\/v2\/product\/29514","targetHints":{"allow":["GET"]}}],"collection":[{"href":"http:\/\/www.alliancerotterdam.nl\/nl\/wp-json\/wp\/v2\/product"}],"about":[{"href":"http:\/\/www.alliancerotterdam.nl\/nl\/wp-json\/wp\/v2\/types\/product"}],"wp:featuredmedia":[{"embeddable":true,"href":"http:\/\/www.alliancerotterdam.nl\/nl\/wp-json\/wp\/v2\/media\/30179"}],"wp:attachment":[{"href":"http:\/\/www.alliancerotterdam.nl\/nl\/wp-json\/wp\/v2\/media?parent=29514"}],"wp:term":[{"taxonomy":"product_cat","embeddable":true,"href":"http:\/\/www.alliancerotterdam.nl\/nl\/wp-json\/wp\/v2\/product_cat?post=29514"},{"taxonomy":"product_tag","embeddable":true,"href":"http:\/\/www.alliancerotterdam.nl\/nl\/wp-json\/wp\/v2\/product_tag?post=29514"}],"curies":[{"name":"wp","href":"https:\/\/api.w.org\/{rel}","templated":true}]}}